{"id":310530,"date":"2026-01-22T14:46:18","date_gmt":"2026-01-22T12:46:18","guid":{"rendered":"https:\/\/lisakroeber.com\/product\/art-korvarongad-loop-petals\/"},"modified":"2026-01-28T14:32:16","modified_gmt":"2026-01-28T12:32:16","slug":"art-korvarongad-loop-petals","status":"publish","type":"product","link":"https:\/\/lisakroeber.com\/et\/toode\/art-korvarongad-loop-petals\/","title":{"rendered":"ART K\u00f5rvar\u00f5ngad Loop-Petals"},"content":{"rendered":"","protected":false},"excerpt":{"rendered":"<p data-start=\"153\" data-end=\"179\"><strong>Loop-Petal k\u00f5rvar\u00f5ngad<\/strong><\/p>\n<p>Loop-Petal k\u00f5rvar\u00f5ngad kuuluvad Unique Art Pieces kollektsiooni ning on loodud minu varasemate Loop ja Flower Petal k\u00f5rvar\u00f5ngaste ainulaadse t\u00f5lgendusena. Tuntud elemendid on uuesti kokku pandud ja \u00fcmber vormitud, luues ruumi uutele proportsioonidele, kontrastidele ja r\u00fctmile.<\/p>\n<p data-start=\"479\" data-end=\"723\">Pehmed, kaarduvad kihid kattuvad l\u00e4bikumavas v\u00e4rvis ning neid raamib \u00f5rn h\u00f5bedane joon, mis juhib pilgu l\u00e4bi kompositsiooni. Tume must kivi ankurdab vormi, luues dialoogi kerguse ja raskuse, liikumise ja paigalseisu vahel. <\/p>\n<p data-start=\"725\" data-end=\"1000\">See paar eksisteerib vaid \u00fches eksemplaris. Isikliku loomingulise m\u00f5tiskluse k\u00e4igus loodud ehe talletab hetke, kus mineviku ideed kohtuvad hetke intuitsiooniga \u2014 julge, kuid l\u00e4bim\u00f5eldud; v\u00e4ljendusrikas, ent tasakaalus.<\/p>\n<p>Kollektsioon: Unique Art Pieces<\/p>\n<p>Materjalid: pleksiklaas, h\u00f5be (925), must turmaliin<\/p>\n<p>Suurus: 4,4cm x 9,5cm<\/p>\n<p>Kaal: 24g<\/p>\n<p>Ehe saadetakse teele 1\u20135 t\u00f6\u00f6p\u00e4eva jooksul.<\/p>\n<p>K\u00f5rvar\u00f5ngad on pakitud kinkekarpi.<\/p>\n","protected":false},"featured_media":310367,"template":"","meta":{"content-type":""},"product_brand":[],"product_cat":[1284,525,342,436],"product_tag":[],"class_list":{"0":"post-310530","1":"product","2":"type-product","3":"status-publish","4":"has-post-thumbnail","6":"product_cat-autoriehted","7":"product_cat-flower-petals","8":"product_cat-korvarongad","9":"product_cat-loops-et","11":"first","12":"instock","13":"taxable","14":"shipping-taxable","15":"purchasable","16":"product-type-simple"},"yoast_head":"<!-- This site is optimized with the Yoast SEO plugin v27.3 - https:\/\/yoast.com\/product\/yoast-seo-wordpress\/ -->\n<title>ART K\u00f5rvar\u00f5ngad Loop-Petals - Lisa Kroeber Jewellery Art<\/title>\n<meta name=\"robots\" content=\"index, follow, max-snippet:-1, max-image-preview:large, max-video-preview:-1\" \/>\n<link rel=\"canonical\" href=\"https:\/\/lisakroeber.com\/et\/toode\/art-korvarongad-loop-petals\/\" \/>\n<meta property=\"og:locale\" content=\"et_EE\" \/>\n<meta property=\"og:type\" content=\"article\" \/>\n<meta property=\"og:title\" content=\"ART K\u00f5rvar\u00f5ngad Loop-Petals - Lisa Kroeber Jewellery Art\" \/>\n<meta property=\"og:description\" content=\"Loop-Petal k\u00f5rvar\u00f5ngadLoop-Petal k\u00f5rvar\u00f5ngad kuuluvad Unique Art Pieces kollektsiooni ning on loodud minu varasemate Loop ja Flower Petal k\u00f5rvar\u00f5ngaste ainulaadse t\u00f5lgendusena. Tuntud elemendid on uuesti kokku pandud ja \u00fcmber vormitud, luues ruumi uutele proportsioonidele, kontrastidele ja r\u00fctmile. Pehmed, kaarduvad kihid kattuvad l\u00e4bikumavas v\u00e4rvis ning neid raamib \u00f5rn h\u00f5bedane joon, mis juhib pilgu l\u00e4bi kompositsiooni. Tume must kivi ankurdab vormi, luues dialoogi kerguse ja raskuse, liikumise ja paigalseisu vahel. See paar eksisteerib vaid \u00fches eksemplaris. Isikliku loomingulise m\u00f5tiskluse k\u00e4igus loodud ehe talletab hetke, kus mineviku ideed kohtuvad hetke intuitsiooniga \u2014 julge, kuid l\u00e4bim\u00f5eldud; v\u00e4ljendusrikas, ent tasakaalus. Kollektsioon: Unique Art Pieces Materjalid: pleksiklaas, h\u00f5be (925), must turmaliin Suurus: 4,4cm x 9,5cm Kaal: 24g Ehe saadetakse teele 1\u20135 t\u00f6\u00f6p\u00e4eva jooksul. K\u00f5rvar\u00f5ngad on pakitud kinkekarpi.\" \/>\n<meta property=\"og:url\" content=\"https:\/\/lisakroeber.com\/et\/toode\/art-korvarongad-loop-petals\/\" \/>\n<meta property=\"og:site_name\" content=\"Lisa Kroeber Jewellery Art\" \/>\n<meta property=\"article:modified_time\" content=\"2026-01-28T12:32:16+00:00\" \/>\n<meta property=\"og:image\" content=\"https:\/\/lisakroeber.com\/wp-content\/uploads\/2026\/01\/DP-ART-2-scaled.jpg\" \/>\n\t<meta property=\"og:image:width\" content=\"2560\" \/>\n\t<meta property=\"og:image:height\" content=\"2560\" \/>\n\t<meta property=\"og:image:type\" content=\"image\/jpeg\" \/>\n<meta name=\"twitter:card\" content=\"summary_large_image\" \/>\n<script type=\"application\/ld+json\" class=\"yoast-schema-graph\">{\"@context\":\"https:\\\/\\\/schema.org\",\"@graph\":[{\"@type\":\"WebPage\",\"@id\":\"https:\\\/\\\/lisakroeber.com\\\/et\\\/toode\\\/art-korvarongad-loop-petals\\\/\",\"url\":\"https:\\\/\\\/lisakroeber.com\\\/et\\\/toode\\\/art-korvarongad-loop-petals\\\/\",\"name\":\"ART K\u00f5rvar\u00f5ngad Loop-Petals - Lisa Kroeber Jewellery Art\",\"isPartOf\":{\"@id\":\"https:\\\/\\\/lisakroeber.com\\\/#website\"},\"primaryImageOfPage\":{\"@id\":\"https:\\\/\\\/lisakroeber.com\\\/et\\\/toode\\\/art-korvarongad-loop-petals\\\/#primaryimage\"},\"image\":{\"@id\":\"https:\\\/\\\/lisakroeber.com\\\/et\\\/toode\\\/art-korvarongad-loop-petals\\\/#primaryimage\"},\"thumbnailUrl\":\"https:\\\/\\\/lisakroeber.com\\\/wp-content\\\/uploads\\\/2026\\\/01\\\/DP-ART-2-scaled.jpg\",\"datePublished\":\"2026-01-22T12:46:18+00:00\",\"dateModified\":\"2026-01-28T12:32:16+00:00\",\"breadcrumb\":{\"@id\":\"https:\\\/\\\/lisakroeber.com\\\/et\\\/toode\\\/art-korvarongad-loop-petals\\\/#breadcrumb\"},\"inLanguage\":\"et\",\"potentialAction\":[{\"@type\":\"ReadAction\",\"target\":[\"https:\\\/\\\/lisakroeber.com\\\/et\\\/toode\\\/art-korvarongad-loop-petals\\\/\"]}]},{\"@type\":\"ImageObject\",\"inLanguage\":\"et\",\"@id\":\"https:\\\/\\\/lisakroeber.com\\\/et\\\/toode\\\/art-korvarongad-loop-petals\\\/#primaryimage\",\"url\":\"https:\\\/\\\/lisakroeber.com\\\/wp-content\\\/uploads\\\/2026\\\/01\\\/DP-ART-2-scaled.jpg\",\"contentUrl\":\"https:\\\/\\\/lisakroeber.com\\\/wp-content\\\/uploads\\\/2026\\\/01\\\/DP-ART-2-scaled.jpg\",\"width\":2560,\"height\":2560},{\"@type\":\"BreadcrumbList\",\"@id\":\"https:\\\/\\\/lisakroeber.com\\\/et\\\/toode\\\/art-korvarongad-loop-petals\\\/#breadcrumb\",\"itemListElement\":[{\"@type\":\"ListItem\",\"position\":1,\"name\":\"Home\",\"item\":\"https:\\\/\\\/lisakroeber.com\\\/et\\\/\"},{\"@type\":\"ListItem\",\"position\":2,\"name\":\"Pood\",\"item\":\"https:\\\/\\\/lisakroeber.com\\\/et\\\/pood\\\/\"},{\"@type\":\"ListItem\",\"position\":3,\"name\":\"ART K\u00f5rvar\u00f5ngad Loop-Petals\"}]},{\"@type\":\"WebSite\",\"@id\":\"https:\\\/\\\/lisakroeber.com\\\/#website\",\"url\":\"https:\\\/\\\/lisakroeber.com\\\/\",\"name\":\"Lisa Kroeber Jewellery Art\",\"description\":\"Lisa Kroeber Jewellery Art e-shop\",\"publisher\":{\"@id\":\"https:\\\/\\\/lisakroeber.com\\\/#organization\"},\"potentialAction\":[{\"@type\":\"SearchAction\",\"target\":{\"@type\":\"EntryPoint\",\"urlTemplate\":\"https:\\\/\\\/lisakroeber.com\\\/?s={search_term_string}\"},\"query-input\":{\"@type\":\"PropertyValueSpecification\",\"valueRequired\":true,\"valueName\":\"search_term_string\"}}],\"inLanguage\":\"et\"},{\"@type\":\"Organization\",\"@id\":\"https:\\\/\\\/lisakroeber.com\\\/#organization\",\"name\":\"Lisa Kroeber Jewellery\",\"url\":\"https:\\\/\\\/lisakroeber.com\\\/\",\"logo\":{\"@type\":\"ImageObject\",\"inLanguage\":\"et\",\"@id\":\"https:\\\/\\\/lisakroeber.com\\\/#\\\/schema\\\/logo\\\/image\\\/\",\"url\":\"https:\\\/\\\/lisakroeber.com\\\/wp-content\\\/uploads\\\/2024\\\/07\\\/47178367_317322115661289_143956003702964224_n-e1543863670541.svg\",\"contentUrl\":\"https:\\\/\\\/lisakroeber.com\\\/wp-content\\\/uploads\\\/2024\\\/07\\\/47178367_317322115661289_143956003702964224_n-e1543863670541.svg\",\"width\":1,\"height\":1,\"caption\":\"Lisa Kroeber Jewellery\"},\"image\":{\"@id\":\"https:\\\/\\\/lisakroeber.com\\\/#\\\/schema\\\/logo\\\/image\\\/\"}}]}<\/script>\n<!-- \/ Yoast SEO plugin. -->","yoast_head_json":{"title":"ART K\u00f5rvar\u00f5ngad Loop-Petals - Lisa Kroeber Jewellery Art","robots":{"index":"index","follow":"follow","max-snippet":"max-snippet:-1","max-image-preview":"max-image-preview:large","max-video-preview":"max-video-preview:-1"},"canonical":"https:\/\/lisakroeber.com\/et\/toode\/art-korvarongad-loop-petals\/","og_locale":"et_EE","og_type":"article","og_title":"ART K\u00f5rvar\u00f5ngad Loop-Petals - Lisa Kroeber Jewellery Art","og_description":"Loop-Petal k\u00f5rvar\u00f5ngadLoop-Petal k\u00f5rvar\u00f5ngad kuuluvad Unique Art Pieces kollektsiooni ning on loodud minu varasemate Loop ja Flower Petal k\u00f5rvar\u00f5ngaste ainulaadse t\u00f5lgendusena. Tuntud elemendid on uuesti kokku pandud ja \u00fcmber vormitud, luues ruumi uutele proportsioonidele, kontrastidele ja r\u00fctmile. Pehmed, kaarduvad kihid kattuvad l\u00e4bikumavas v\u00e4rvis ning neid raamib \u00f5rn h\u00f5bedane joon, mis juhib pilgu l\u00e4bi kompositsiooni. Tume must kivi ankurdab vormi, luues dialoogi kerguse ja raskuse, liikumise ja paigalseisu vahel. See paar eksisteerib vaid \u00fches eksemplaris. Isikliku loomingulise m\u00f5tiskluse k\u00e4igus loodud ehe talletab hetke, kus mineviku ideed kohtuvad hetke intuitsiooniga \u2014 julge, kuid l\u00e4bim\u00f5eldud; v\u00e4ljendusrikas, ent tasakaalus. Kollektsioon: Unique Art Pieces Materjalid: pleksiklaas, h\u00f5be (925), must turmaliin Suurus: 4,4cm x 9,5cm Kaal: 24g Ehe saadetakse teele 1\u20135 t\u00f6\u00f6p\u00e4eva jooksul. K\u00f5rvar\u00f5ngad on pakitud kinkekarpi.","og_url":"https:\/\/lisakroeber.com\/et\/toode\/art-korvarongad-loop-petals\/","og_site_name":"Lisa Kroeber Jewellery Art","article_modified_time":"2026-01-28T12:32:16+00:00","og_image":[{"width":2560,"height":2560,"url":"https:\/\/lisakroeber.com\/wp-content\/uploads\/2026\/01\/DP-ART-2-scaled.jpg","type":"image\/jpeg"}],"twitter_card":"summary_large_image","schema":{"@context":"https:\/\/schema.org","@graph":[{"@type":"WebPage","@id":"https:\/\/lisakroeber.com\/et\/toode\/art-korvarongad-loop-petals\/","url":"https:\/\/lisakroeber.com\/et\/toode\/art-korvarongad-loop-petals\/","name":"ART K\u00f5rvar\u00f5ngad Loop-Petals - Lisa Kroeber Jewellery Art","isPartOf":{"@id":"https:\/\/lisakroeber.com\/#website"},"primaryImageOfPage":{"@id":"https:\/\/lisakroeber.com\/et\/toode\/art-korvarongad-loop-petals\/#primaryimage"},"image":{"@id":"https:\/\/lisakroeber.com\/et\/toode\/art-korvarongad-loop-petals\/#primaryimage"},"thumbnailUrl":"https:\/\/lisakroeber.com\/wp-content\/uploads\/2026\/01\/DP-ART-2-scaled.jpg","datePublished":"2026-01-22T12:46:18+00:00","dateModified":"2026-01-28T12:32:16+00:00","breadcrumb":{"@id":"https:\/\/lisakroeber.com\/et\/toode\/art-korvarongad-loop-petals\/#breadcrumb"},"inLanguage":"et","potentialAction":[{"@type":"ReadAction","target":["https:\/\/lisakroeber.com\/et\/toode\/art-korvarongad-loop-petals\/"]}]},{"@type":"ImageObject","inLanguage":"et","@id":"https:\/\/lisakroeber.com\/et\/toode\/art-korvarongad-loop-petals\/#primaryimage","url":"https:\/\/lisakroeber.com\/wp-content\/uploads\/2026\/01\/DP-ART-2-scaled.jpg","contentUrl":"https:\/\/lisakroeber.com\/wp-content\/uploads\/2026\/01\/DP-ART-2-scaled.jpg","width":2560,"height":2560},{"@type":"BreadcrumbList","@id":"https:\/\/lisakroeber.com\/et\/toode\/art-korvarongad-loop-petals\/#breadcrumb","itemListElement":[{"@type":"ListItem","position":1,"name":"Home","item":"https:\/\/lisakroeber.com\/et\/"},{"@type":"ListItem","position":2,"name":"Pood","item":"https:\/\/lisakroeber.com\/et\/pood\/"},{"@type":"ListItem","position":3,"name":"ART K\u00f5rvar\u00f5ngad Loop-Petals"}]},{"@type":"WebSite","@id":"https:\/\/lisakroeber.com\/#website","url":"https:\/\/lisakroeber.com\/","name":"Lisa Kroeber Jewellery Art","description":"Lisa Kroeber Jewellery Art e-shop","publisher":{"@id":"https:\/\/lisakroeber.com\/#organization"},"potentialAction":[{"@type":"SearchAction","target":{"@type":"EntryPoint","urlTemplate":"https:\/\/lisakroeber.com\/?s={search_term_string}"},"query-input":{"@type":"PropertyValueSpecification","valueRequired":true,"valueName":"search_term_string"}}],"inLanguage":"et"},{"@type":"Organization","@id":"https:\/\/lisakroeber.com\/#organization","name":"Lisa Kroeber Jewellery","url":"https:\/\/lisakroeber.com\/","logo":{"@type":"ImageObject","inLanguage":"et","@id":"https:\/\/lisakroeber.com\/#\/schema\/logo\/image\/","url":"https:\/\/lisakroeber.com\/wp-content\/uploads\/2024\/07\/47178367_317322115661289_143956003702964224_n-e1543863670541.svg","contentUrl":"https:\/\/lisakroeber.com\/wp-content\/uploads\/2024\/07\/47178367_317322115661289_143956003702964224_n-e1543863670541.svg","width":1,"height":1,"caption":"Lisa Kroeber Jewellery"},"image":{"@id":"https:\/\/lisakroeber.com\/#\/schema\/logo\/image\/"}}]}},"_links":{"self":[{"href":"https:\/\/lisakroeber.com\/et\/wp-json\/wp\/v2\/product\/310530","targetHints":{"allow":["GET"]}}],"collection":[{"href":"https:\/\/lisakroeber.com\/et\/wp-json\/wp\/v2\/product"}],"about":[{"href":"https:\/\/lisakroeber.com\/et\/wp-json\/wp\/v2\/types\/product"}],"wp:featuredmedia":[{"embeddable":true,"href":"https:\/\/lisakroeber.com\/et\/wp-json\/wp\/v2\/media\/310367"}],"wp:attachment":[{"href":"https:\/\/lisakroeber.com\/et\/wp-json\/wp\/v2\/media?parent=310530"}],"wp:term":[{"taxonomy":"product_brand","embeddable":true,"href":"https:\/\/lisakroeber.com\/et\/wp-json\/wp\/v2\/product_brand?post=310530"},{"taxonomy":"product_cat","embeddable":true,"href":"https:\/\/lisakroeber.com\/et\/wp-json\/wp\/v2\/product_cat?post=310530"},{"taxonomy":"product_tag","embeddable":true,"href":"https:\/\/lisakroeber.com\/et\/wp-json\/wp\/v2\/product_tag?post=310530"}],"curies":[{"name":"wp","href":"https:\/\/api.w.org\/{rel}","templated":true}]}}