{"id":310532,"date":"2026-01-22T14:33:07","date_gmt":"2026-01-22T12:33:07","guid":{"rendered":"https:\/\/lisakroeber.com\/product\/art-korvarongad-flowers-ii\/"},"modified":"2026-01-28T09:51:43","modified_gmt":"2026-01-28T07:51:43","slug":"art-korvarongad-flowers-ii","status":"publish","type":"product","link":"https:\/\/lisakroeber.com\/et\/toode\/art-korvarongad-flowers-ii\/","title":{"rendered":"ART K\u00f5rvar\u00f5ngad Flowers II"},"content":{"rendered":"","protected":false},"excerpt":{"rendered":"<p data-start=\"154\" data-end=\"176\">Flowers k\u00f5rvar\u00f5ngad II<br \/>\nAinulaadne. M\u00e4nguline. Kihiline.  <\/p>\n<p data-start=\"204\" data-end=\"504\">Flowers k\u00f5rvar\u00f5ngad kuuluvad <em>Unique Art Pieces kollektsiooni<\/em>. Need on ainukordne uus t\u00f5lgendus minu varasematest Flower k\u00f5rvar\u00f5ngastest. Tuginedes tuttavatele vormidele uurib see ehe, kuidas kihilisus, l\u00e4bikumavus ja julged v\u00e4rvikombinatsioonid v\u00f5ivad muuta tuntud kuju millekski t\u00e4iesti uueks. <\/p>\n<p data-start=\"506\" data-end=\"711\">Mitmed akr\u00fc\u00fclkihid kattuvad ja suhestuvad omavahel, luues s\u00fcgavust, liikumist ja pidevalt muutuvat v\u00e4rvimuljet. Erinevate nurkade alt avanevad uued detailid ja n\u00fcansid. <\/p>\n<p data-start=\"713\" data-end=\"996\">See paar eksisteerib vaid \u00fches eksemplaris. Olles osa j\u00e4tkuvast loomingulisest dialoogist mineviku ja oleviku vahel, peegeldavad Flowers k\u00f5rvar\u00f5ngad uudishimu, katsetamisr\u00f5\u00f5mu ja taasavastamise tunnet.<\/p>\n<p>Kollektsioon: Unique Art Pieces<\/p>\n<p>Materjalid: pleksiklaas, h\u00f5be (925)<\/p>\n<p>Suurus: 7cm x 10cm<\/p>\n<p>Kaal: 27g<\/p>\n<p>Ehe saadetakse teele 1\u20135 t\u00f6\u00f6p\u00e4eva jooksul.<\/p>\n<p>K\u00f5rvar\u00f5ngad on pakitud kinkekarpi.<\/p>\n","protected":false},"featured_media":310363,"template":"","meta":{"content-type":""},"product_brand":[],"product_cat":[1284,835,342],"product_tag":[],"class_list":{"0":"post-310532","1":"product","2":"type-product","3":"status-publish","4":"has-post-thumbnail","6":"product_cat-autoriehted","7":"product_cat-flowers-et","8":"product_cat-korvarongad","10":"first","11":"instock","12":"taxable","13":"shipping-taxable","14":"purchasable","15":"product-type-simple"},"yoast_head":"<!-- This site is optimized with the Yoast SEO plugin v27.3 - https:\/\/yoast.com\/product\/yoast-seo-wordpress\/ -->\n<title>ART K\u00f5rvar\u00f5ngad Flowers II - Lisa Kroeber Jewellery Art<\/title>\n<meta name=\"robots\" content=\"index, follow, max-snippet:-1, max-image-preview:large, max-video-preview:-1\" \/>\n<link rel=\"canonical\" href=\"https:\/\/lisakroeber.com\/et\/toode\/art-korvarongad-flowers-ii\/\" \/>\n<meta property=\"og:locale\" content=\"et_EE\" \/>\n<meta property=\"og:type\" content=\"article\" \/>\n<meta property=\"og:title\" content=\"ART K\u00f5rvar\u00f5ngad Flowers II - Lisa Kroeber Jewellery Art\" \/>\n<meta property=\"og:description\" content=\"Flowers k\u00f5rvar\u00f5ngad II Ainulaadne. M\u00e4nguline. Kihiline.  Flowers k\u00f5rvar\u00f5ngad kuuluvad Unique Art Pieces kollektsiooni. Need on ainukordne uus t\u00f5lgendus minu varasematest Flower k\u00f5rvar\u00f5ngastest. Tuginedes tuttavatele vormidele uurib see ehe, kuidas kihilisus, l\u00e4bikumavus ja julged v\u00e4rvikombinatsioonid v\u00f5ivad muuta tuntud kuju millekski t\u00e4iesti uueks. Mitmed akr\u00fc\u00fclkihid kattuvad ja suhestuvad omavahel, luues s\u00fcgavust, liikumist ja pidevalt muutuvat v\u00e4rvimuljet. Erinevate nurkade alt avanevad uued detailid ja n\u00fcansid. See paar eksisteerib vaid \u00fches eksemplaris. Olles osa j\u00e4tkuvast loomingulisest dialoogist mineviku ja oleviku vahel, peegeldavad Flowers k\u00f5rvar\u00f5ngad uudishimu, katsetamisr\u00f5\u00f5mu ja taasavastamise tunnet. Kollektsioon: Unique Art Pieces Materjalid: pleksiklaas, h\u00f5be (925) Suurus: 7cm x 10cm Kaal: 27g Ehe saadetakse teele 1\u20135 t\u00f6\u00f6p\u00e4eva jooksul. K\u00f5rvar\u00f5ngad on pakitud kinkekarpi.\" \/>\n<meta property=\"og:url\" content=\"https:\/\/lisakroeber.com\/et\/toode\/art-korvarongad-flowers-ii\/\" \/>\n<meta property=\"og:site_name\" content=\"Lisa Kroeber Jewellery Art\" \/>\n<meta property=\"article:modified_time\" content=\"2026-01-28T07:51:43+00:00\" \/>\n<meta property=\"og:image\" content=\"https:\/\/lisakroeber.com\/wp-content\/uploads\/2026\/01\/artFlowerOrange-1-scaled.jpg\" \/>\n\t<meta property=\"og:image:width\" content=\"2560\" \/>\n\t<meta property=\"og:image:height\" content=\"2560\" \/>\n\t<meta property=\"og:image:type\" content=\"image\/jpeg\" \/>\n<meta name=\"twitter:card\" content=\"summary_large_image\" \/>\n<script type=\"application\/ld+json\" class=\"yoast-schema-graph\">{\"@context\":\"https:\\\/\\\/schema.org\",\"@graph\":[{\"@type\":\"WebPage\",\"@id\":\"https:\\\/\\\/lisakroeber.com\\\/et\\\/toode\\\/art-korvarongad-flowers-ii\\\/\",\"url\":\"https:\\\/\\\/lisakroeber.com\\\/et\\\/toode\\\/art-korvarongad-flowers-ii\\\/\",\"name\":\"ART K\u00f5rvar\u00f5ngad Flowers II - Lisa Kroeber Jewellery Art\",\"isPartOf\":{\"@id\":\"https:\\\/\\\/lisakroeber.com\\\/#website\"},\"primaryImageOfPage\":{\"@id\":\"https:\\\/\\\/lisakroeber.com\\\/et\\\/toode\\\/art-korvarongad-flowers-ii\\\/#primaryimage\"},\"image\":{\"@id\":\"https:\\\/\\\/lisakroeber.com\\\/et\\\/toode\\\/art-korvarongad-flowers-ii\\\/#primaryimage\"},\"thumbnailUrl\":\"https:\\\/\\\/lisakroeber.com\\\/wp-content\\\/uploads\\\/2026\\\/01\\\/artFlowerOrange-1-scaled.jpg\",\"datePublished\":\"2026-01-22T12:33:07+00:00\",\"dateModified\":\"2026-01-28T07:51:43+00:00\",\"breadcrumb\":{\"@id\":\"https:\\\/\\\/lisakroeber.com\\\/et\\\/toode\\\/art-korvarongad-flowers-ii\\\/#breadcrumb\"},\"inLanguage\":\"et\",\"potentialAction\":[{\"@type\":\"ReadAction\",\"target\":[\"https:\\\/\\\/lisakroeber.com\\\/et\\\/toode\\\/art-korvarongad-flowers-ii\\\/\"]}]},{\"@type\":\"ImageObject\",\"inLanguage\":\"et\",\"@id\":\"https:\\\/\\\/lisakroeber.com\\\/et\\\/toode\\\/art-korvarongad-flowers-ii\\\/#primaryimage\",\"url\":\"https:\\\/\\\/lisakroeber.com\\\/wp-content\\\/uploads\\\/2026\\\/01\\\/artFlowerOrange-1-scaled.jpg\",\"contentUrl\":\"https:\\\/\\\/lisakroeber.com\\\/wp-content\\\/uploads\\\/2026\\\/01\\\/artFlowerOrange-1-scaled.jpg\",\"width\":2560,\"height\":2560},{\"@type\":\"BreadcrumbList\",\"@id\":\"https:\\\/\\\/lisakroeber.com\\\/et\\\/toode\\\/art-korvarongad-flowers-ii\\\/#breadcrumb\",\"itemListElement\":[{\"@type\":\"ListItem\",\"position\":1,\"name\":\"Home\",\"item\":\"https:\\\/\\\/lisakroeber.com\\\/et\\\/\"},{\"@type\":\"ListItem\",\"position\":2,\"name\":\"Pood\",\"item\":\"https:\\\/\\\/lisakroeber.com\\\/et\\\/pood\\\/\"},{\"@type\":\"ListItem\",\"position\":3,\"name\":\"ART K\u00f5rvar\u00f5ngad Flowers II\"}]},{\"@type\":\"WebSite\",\"@id\":\"https:\\\/\\\/lisakroeber.com\\\/#website\",\"url\":\"https:\\\/\\\/lisakroeber.com\\\/\",\"name\":\"Lisa Kroeber Jewellery Art\",\"description\":\"Lisa Kroeber Jewellery Art e-shop\",\"publisher\":{\"@id\":\"https:\\\/\\\/lisakroeber.com\\\/#organization\"},\"potentialAction\":[{\"@type\":\"SearchAction\",\"target\":{\"@type\":\"EntryPoint\",\"urlTemplate\":\"https:\\\/\\\/lisakroeber.com\\\/?s={search_term_string}\"},\"query-input\":{\"@type\":\"PropertyValueSpecification\",\"valueRequired\":true,\"valueName\":\"search_term_string\"}}],\"inLanguage\":\"et\"},{\"@type\":\"Organization\",\"@id\":\"https:\\\/\\\/lisakroeber.com\\\/#organization\",\"name\":\"Lisa Kroeber Jewellery\",\"url\":\"https:\\\/\\\/lisakroeber.com\\\/\",\"logo\":{\"@type\":\"ImageObject\",\"inLanguage\":\"et\",\"@id\":\"https:\\\/\\\/lisakroeber.com\\\/#\\\/schema\\\/logo\\\/image\\\/\",\"url\":\"https:\\\/\\\/lisakroeber.com\\\/wp-content\\\/uploads\\\/2024\\\/07\\\/47178367_317322115661289_143956003702964224_n-e1543863670541.svg\",\"contentUrl\":\"https:\\\/\\\/lisakroeber.com\\\/wp-content\\\/uploads\\\/2024\\\/07\\\/47178367_317322115661289_143956003702964224_n-e1543863670541.svg\",\"width\":1,\"height\":1,\"caption\":\"Lisa Kroeber Jewellery\"},\"image\":{\"@id\":\"https:\\\/\\\/lisakroeber.com\\\/#\\\/schema\\\/logo\\\/image\\\/\"}}]}<\/script>\n<!-- \/ Yoast SEO plugin. -->","yoast_head_json":{"title":"ART K\u00f5rvar\u00f5ngad Flowers II - Lisa Kroeber Jewellery Art","robots":{"index":"index","follow":"follow","max-snippet":"max-snippet:-1","max-image-preview":"max-image-preview:large","max-video-preview":"max-video-preview:-1"},"canonical":"https:\/\/lisakroeber.com\/et\/toode\/art-korvarongad-flowers-ii\/","og_locale":"et_EE","og_type":"article","og_title":"ART K\u00f5rvar\u00f5ngad Flowers II - Lisa Kroeber Jewellery Art","og_description":"Flowers k\u00f5rvar\u00f5ngad II Ainulaadne. M\u00e4nguline. Kihiline.  Flowers k\u00f5rvar\u00f5ngad kuuluvad Unique Art Pieces kollektsiooni. Need on ainukordne uus t\u00f5lgendus minu varasematest Flower k\u00f5rvar\u00f5ngastest. Tuginedes tuttavatele vormidele uurib see ehe, kuidas kihilisus, l\u00e4bikumavus ja julged v\u00e4rvikombinatsioonid v\u00f5ivad muuta tuntud kuju millekski t\u00e4iesti uueks. Mitmed akr\u00fc\u00fclkihid kattuvad ja suhestuvad omavahel, luues s\u00fcgavust, liikumist ja pidevalt muutuvat v\u00e4rvimuljet. Erinevate nurkade alt avanevad uued detailid ja n\u00fcansid. See paar eksisteerib vaid \u00fches eksemplaris. Olles osa j\u00e4tkuvast loomingulisest dialoogist mineviku ja oleviku vahel, peegeldavad Flowers k\u00f5rvar\u00f5ngad uudishimu, katsetamisr\u00f5\u00f5mu ja taasavastamise tunnet. Kollektsioon: Unique Art Pieces Materjalid: pleksiklaas, h\u00f5be (925) Suurus: 7cm x 10cm Kaal: 27g Ehe saadetakse teele 1\u20135 t\u00f6\u00f6p\u00e4eva jooksul. K\u00f5rvar\u00f5ngad on pakitud kinkekarpi.","og_url":"https:\/\/lisakroeber.com\/et\/toode\/art-korvarongad-flowers-ii\/","og_site_name":"Lisa Kroeber Jewellery Art","article_modified_time":"2026-01-28T07:51:43+00:00","og_image":[{"width":2560,"height":2560,"url":"https:\/\/lisakroeber.com\/wp-content\/uploads\/2026\/01\/artFlowerOrange-1-scaled.jpg","type":"image\/jpeg"}],"twitter_card":"summary_large_image","schema":{"@context":"https:\/\/schema.org","@graph":[{"@type":"WebPage","@id":"https:\/\/lisakroeber.com\/et\/toode\/art-korvarongad-flowers-ii\/","url":"https:\/\/lisakroeber.com\/et\/toode\/art-korvarongad-flowers-ii\/","name":"ART K\u00f5rvar\u00f5ngad Flowers II - Lisa Kroeber Jewellery Art","isPartOf":{"@id":"https:\/\/lisakroeber.com\/#website"},"primaryImageOfPage":{"@id":"https:\/\/lisakroeber.com\/et\/toode\/art-korvarongad-flowers-ii\/#primaryimage"},"image":{"@id":"https:\/\/lisakroeber.com\/et\/toode\/art-korvarongad-flowers-ii\/#primaryimage"},"thumbnailUrl":"https:\/\/lisakroeber.com\/wp-content\/uploads\/2026\/01\/artFlowerOrange-1-scaled.jpg","datePublished":"2026-01-22T12:33:07+00:00","dateModified":"2026-01-28T07:51:43+00:00","breadcrumb":{"@id":"https:\/\/lisakroeber.com\/et\/toode\/art-korvarongad-flowers-ii\/#breadcrumb"},"inLanguage":"et","potentialAction":[{"@type":"ReadAction","target":["https:\/\/lisakroeber.com\/et\/toode\/art-korvarongad-flowers-ii\/"]}]},{"@type":"ImageObject","inLanguage":"et","@id":"https:\/\/lisakroeber.com\/et\/toode\/art-korvarongad-flowers-ii\/#primaryimage","url":"https:\/\/lisakroeber.com\/wp-content\/uploads\/2026\/01\/artFlowerOrange-1-scaled.jpg","contentUrl":"https:\/\/lisakroeber.com\/wp-content\/uploads\/2026\/01\/artFlowerOrange-1-scaled.jpg","width":2560,"height":2560},{"@type":"BreadcrumbList","@id":"https:\/\/lisakroeber.com\/et\/toode\/art-korvarongad-flowers-ii\/#breadcrumb","itemListElement":[{"@type":"ListItem","position":1,"name":"Home","item":"https:\/\/lisakroeber.com\/et\/"},{"@type":"ListItem","position":2,"name":"Pood","item":"https:\/\/lisakroeber.com\/et\/pood\/"},{"@type":"ListItem","position":3,"name":"ART K\u00f5rvar\u00f5ngad Flowers II"}]},{"@type":"WebSite","@id":"https:\/\/lisakroeber.com\/#website","url":"https:\/\/lisakroeber.com\/","name":"Lisa Kroeber Jewellery Art","description":"Lisa Kroeber Jewellery Art e-shop","publisher":{"@id":"https:\/\/lisakroeber.com\/#organization"},"potentialAction":[{"@type":"SearchAction","target":{"@type":"EntryPoint","urlTemplate":"https:\/\/lisakroeber.com\/?s={search_term_string}"},"query-input":{"@type":"PropertyValueSpecification","valueRequired":true,"valueName":"search_term_string"}}],"inLanguage":"et"},{"@type":"Organization","@id":"https:\/\/lisakroeber.com\/#organization","name":"Lisa Kroeber Jewellery","url":"https:\/\/lisakroeber.com\/","logo":{"@type":"ImageObject","inLanguage":"et","@id":"https:\/\/lisakroeber.com\/#\/schema\/logo\/image\/","url":"https:\/\/lisakroeber.com\/wp-content\/uploads\/2024\/07\/47178367_317322115661289_143956003702964224_n-e1543863670541.svg","contentUrl":"https:\/\/lisakroeber.com\/wp-content\/uploads\/2024\/07\/47178367_317322115661289_143956003702964224_n-e1543863670541.svg","width":1,"height":1,"caption":"Lisa Kroeber Jewellery"},"image":{"@id":"https:\/\/lisakroeber.com\/#\/schema\/logo\/image\/"}}]}},"_links":{"self":[{"href":"https:\/\/lisakroeber.com\/et\/wp-json\/wp\/v2\/product\/310532","targetHints":{"allow":["GET"]}}],"collection":[{"href":"https:\/\/lisakroeber.com\/et\/wp-json\/wp\/v2\/product"}],"about":[{"href":"https:\/\/lisakroeber.com\/et\/wp-json\/wp\/v2\/types\/product"}],"wp:featuredmedia":[{"embeddable":true,"href":"https:\/\/lisakroeber.com\/et\/wp-json\/wp\/v2\/media\/310363"}],"wp:attachment":[{"href":"https:\/\/lisakroeber.com\/et\/wp-json\/wp\/v2\/media?parent=310532"}],"wp:term":[{"taxonomy":"product_brand","embeddable":true,"href":"https:\/\/lisakroeber.com\/et\/wp-json\/wp\/v2\/product_brand?post=310532"},{"taxonomy":"product_cat","embeddable":true,"href":"https:\/\/lisakroeber.com\/et\/wp-json\/wp\/v2\/product_cat?post=310532"},{"taxonomy":"product_tag","embeddable":true,"href":"https:\/\/lisakroeber.com\/et\/wp-json\/wp\/v2\/product_tag?post=310532"}],"curies":[{"name":"wp","href":"https:\/\/api.w.org\/{rel}","templated":true}]}}