{"id":310536,"date":"2026-01-22T13:50:23","date_gmt":"2026-01-22T11:50:23","guid":{"rendered":"https:\/\/lisakroeber.com\/product\/art-korvarongad-birds\/"},"modified":"2026-01-23T21:27:51","modified_gmt":"2026-01-23T19:27:51","slug":"art-korvarongad-birds","status":"publish","type":"product","link":"https:\/\/lisakroeber.com\/et\/toode\/art-korvarongad-birds\/","title":{"rendered":"ART K\u00f5rvar\u00f5ngad Birds"},"content":{"rendered":"","protected":false},"excerpt":{"rendered":"<p data-start=\"166\" data-end=\"186\"><strong>Birds k\u00f5rvar\u00f5ngad<\/strong><br \/>\nVaba. M\u00e4nguline. V\u00e4ljendusrikas.  <\/p>\n<p data-start=\"247\" data-end=\"492\"><em>Birds k\u00f5rvar\u00f5ngad <\/em>on ainukordne uus t\u00f5lgendus minu h\u00f5bedastest Birdsi k\u00f5rvar\u00f5ngastest. <em data-start=\"374\" data-end=\"393\">Unique Art Pieces kollektsiooni<\/em> osana loodud ehe vaatab tuttavat linnuvormi v\u00e4rvi, kihilisuse ja liikumise kaudu uuest vaatenurgast. <\/p>\n<p data-start=\"494\" data-end=\"751\">Mitmed elemendid moodustavad elava kompositsiooni: tiivad kattuvad, v\u00e4rvid suhestuvad ning linnud n\u00e4ivad olevat lennul \u2014 kerged, r\u00f5\u00f5msad ja t\u00e4is energiat. See, mis kunagi oli \u00e4ratuntav siluett, muutub uueks visuaalseks looks \u2014 m\u00e4nguliseks, kuid l\u00e4bim\u00f5eldud. <\/p>\n<p data-start=\"753\" data-end=\"965\">Loodud \/15\/ n\u00e4ituse m\u00f5tiskleva loomingu k\u00e4igus, peegeldavad need k\u00f5rvar\u00f5ngad dialoogi mineviku ja oleviku vahel \u2014 uurides, kuidas pika ajalooga disain saab ajas areneda, s\u00e4ilitades samas oma hinge.<\/p>\n<p data-start=\"967\" data-end=\"1089\">Iga paar eksisteerib vaid \u00fches eksemplaris. Kantav kunstiteos, mis t\u00e4histab vabadust, kujutlusv\u00f5imet ja julgust edasi lennata. <\/p>\n<p>Kollektsioon: Unique Art Pieces<\/p>\n<p>Materjalid: pulberv\u00e4rvitud messing, pleksiklaas, h\u00f5be (925)<\/p>\n<p>Suurus: 8,8 cm \u00d7 6,2 cm<\/p>\n<p>Kaal: 14,93 g<\/p>\n<p>Ehe saadetakse teele 1\u20135 t\u00f6\u00f6p\u00e4eva jooksul.<\/p>\n<p>K\u00f5rvar\u00f5ngad on pakitud kinkekarpi.<\/p>\n","protected":false},"featured_media":310336,"template":"","meta":{"content-type":""},"product_brand":[],"product_cat":[1284,454,342],"product_tag":[],"class_list":{"0":"post-310536","1":"product","2":"type-product","3":"status-publish","4":"has-post-thumbnail","6":"product_cat-autoriehted","7":"product_cat-birds-et","8":"product_cat-korvarongad","10":"first","11":"instock","12":"taxable","13":"shipping-taxable","14":"purchasable","15":"product-type-simple"},"yoast_head":"<!-- This site is optimized with the Yoast SEO plugin v27.3 - https:\/\/yoast.com\/product\/yoast-seo-wordpress\/ -->\n<title>ART K\u00f5rvar\u00f5ngad Birds - Lisa Kroeber Jewellery Art<\/title>\n<meta name=\"robots\" content=\"index, follow, max-snippet:-1, max-image-preview:large, max-video-preview:-1\" \/>\n<link rel=\"canonical\" href=\"https:\/\/lisakroeber.com\/et\/toode\/art-korvarongad-birds\/\" \/>\n<meta property=\"og:locale\" content=\"et_EE\" \/>\n<meta property=\"og:type\" content=\"article\" \/>\n<meta property=\"og:title\" content=\"ART K\u00f5rvar\u00f5ngad Birds - Lisa Kroeber Jewellery Art\" \/>\n<meta property=\"og:description\" content=\"Birds k\u00f5rvar\u00f5ngad Vaba. M\u00e4nguline. V\u00e4ljendusrikas.  Birds k\u00f5rvar\u00f5ngad on ainukordne uus t\u00f5lgendus minu h\u00f5bedastest Birdsi k\u00f5rvar\u00f5ngastest. Unique Art Pieces kollektsiooni osana loodud ehe vaatab tuttavat linnuvormi v\u00e4rvi, kihilisuse ja liikumise kaudu uuest vaatenurgast. Mitmed elemendid moodustavad elava kompositsiooni: tiivad kattuvad, v\u00e4rvid suhestuvad ning linnud n\u00e4ivad olevat lennul \u2014 kerged, r\u00f5\u00f5msad ja t\u00e4is energiat. See, mis kunagi oli \u00e4ratuntav siluett, muutub uueks visuaalseks looks \u2014 m\u00e4nguliseks, kuid l\u00e4bim\u00f5eldud. Loodud \/15\/ n\u00e4ituse m\u00f5tiskleva loomingu k\u00e4igus, peegeldavad need k\u00f5rvar\u00f5ngad dialoogi mineviku ja oleviku vahel \u2014 uurides, kuidas pika ajalooga disain saab ajas areneda, s\u00e4ilitades samas oma hinge. Iga paar eksisteerib vaid \u00fches eksemplaris. Kantav kunstiteos, mis t\u00e4histab vabadust, kujutlusv\u00f5imet ja julgust edasi lennata. Kollektsioon: Unique Art Pieces Materjalid: pulberv\u00e4rvitud messing, pleksiklaas, h\u00f5be (925) Suurus: 8,8 cm \u00d7 6,2 cm Kaal: 14,93 g Ehe saadetakse teele 1\u20135 t\u00f6\u00f6p\u00e4eva jooksul. K\u00f5rvar\u00f5ngad on pakitud kinkekarpi.\" \/>\n<meta property=\"og:url\" content=\"https:\/\/lisakroeber.com\/et\/toode\/art-korvarongad-birds\/\" \/>\n<meta property=\"og:site_name\" content=\"Lisa Kroeber Jewellery Art\" \/>\n<meta property=\"article:modified_time\" content=\"2026-01-23T19:27:51+00:00\" \/>\n<meta property=\"og:image\" content=\"https:\/\/lisakroeber.com\/wp-content\/uploads\/2026\/01\/BIRDS-ART-1-scaled.jpg\" \/>\n\t<meta property=\"og:image:width\" content=\"2560\" \/>\n\t<meta property=\"og:image:height\" content=\"2560\" \/>\n\t<meta property=\"og:image:type\" content=\"image\/jpeg\" \/>\n<meta name=\"twitter:card\" content=\"summary_large_image\" \/>\n<script type=\"application\/ld+json\" class=\"yoast-schema-graph\">{\"@context\":\"https:\\\/\\\/schema.org\",\"@graph\":[{\"@type\":\"WebPage\",\"@id\":\"https:\\\/\\\/lisakroeber.com\\\/et\\\/toode\\\/art-korvarongad-birds\\\/\",\"url\":\"https:\\\/\\\/lisakroeber.com\\\/et\\\/toode\\\/art-korvarongad-birds\\\/\",\"name\":\"ART K\u00f5rvar\u00f5ngad Birds - Lisa Kroeber Jewellery Art\",\"isPartOf\":{\"@id\":\"https:\\\/\\\/lisakroeber.com\\\/#website\"},\"primaryImageOfPage\":{\"@id\":\"https:\\\/\\\/lisakroeber.com\\\/et\\\/toode\\\/art-korvarongad-birds\\\/#primaryimage\"},\"image\":{\"@id\":\"https:\\\/\\\/lisakroeber.com\\\/et\\\/toode\\\/art-korvarongad-birds\\\/#primaryimage\"},\"thumbnailUrl\":\"https:\\\/\\\/lisakroeber.com\\\/wp-content\\\/uploads\\\/2026\\\/01\\\/BIRDS-ART-1-scaled.jpg\",\"datePublished\":\"2026-01-22T11:50:23+00:00\",\"dateModified\":\"2026-01-23T19:27:51+00:00\",\"breadcrumb\":{\"@id\":\"https:\\\/\\\/lisakroeber.com\\\/et\\\/toode\\\/art-korvarongad-birds\\\/#breadcrumb\"},\"inLanguage\":\"et\",\"potentialAction\":[{\"@type\":\"ReadAction\",\"target\":[\"https:\\\/\\\/lisakroeber.com\\\/et\\\/toode\\\/art-korvarongad-birds\\\/\"]}]},{\"@type\":\"ImageObject\",\"inLanguage\":\"et\",\"@id\":\"https:\\\/\\\/lisakroeber.com\\\/et\\\/toode\\\/art-korvarongad-birds\\\/#primaryimage\",\"url\":\"https:\\\/\\\/lisakroeber.com\\\/wp-content\\\/uploads\\\/2026\\\/01\\\/BIRDS-ART-1-scaled.jpg\",\"contentUrl\":\"https:\\\/\\\/lisakroeber.com\\\/wp-content\\\/uploads\\\/2026\\\/01\\\/BIRDS-ART-1-scaled.jpg\",\"width\":2560,\"height\":2560},{\"@type\":\"BreadcrumbList\",\"@id\":\"https:\\\/\\\/lisakroeber.com\\\/et\\\/toode\\\/art-korvarongad-birds\\\/#breadcrumb\",\"itemListElement\":[{\"@type\":\"ListItem\",\"position\":1,\"name\":\"Home\",\"item\":\"https:\\\/\\\/lisakroeber.com\\\/et\\\/\"},{\"@type\":\"ListItem\",\"position\":2,\"name\":\"Pood\",\"item\":\"https:\\\/\\\/lisakroeber.com\\\/et\\\/pood\\\/\"},{\"@type\":\"ListItem\",\"position\":3,\"name\":\"ART K\u00f5rvar\u00f5ngad Birds\"}]},{\"@type\":\"WebSite\",\"@id\":\"https:\\\/\\\/lisakroeber.com\\\/#website\",\"url\":\"https:\\\/\\\/lisakroeber.com\\\/\",\"name\":\"Lisa Kroeber Jewellery Art\",\"description\":\"Lisa Kroeber Jewellery Art e-shop\",\"publisher\":{\"@id\":\"https:\\\/\\\/lisakroeber.com\\\/#organization\"},\"potentialAction\":[{\"@type\":\"SearchAction\",\"target\":{\"@type\":\"EntryPoint\",\"urlTemplate\":\"https:\\\/\\\/lisakroeber.com\\\/?s={search_term_string}\"},\"query-input\":{\"@type\":\"PropertyValueSpecification\",\"valueRequired\":true,\"valueName\":\"search_term_string\"}}],\"inLanguage\":\"et\"},{\"@type\":\"Organization\",\"@id\":\"https:\\\/\\\/lisakroeber.com\\\/#organization\",\"name\":\"Lisa Kroeber Jewellery\",\"url\":\"https:\\\/\\\/lisakroeber.com\\\/\",\"logo\":{\"@type\":\"ImageObject\",\"inLanguage\":\"et\",\"@id\":\"https:\\\/\\\/lisakroeber.com\\\/#\\\/schema\\\/logo\\\/image\\\/\",\"url\":\"https:\\\/\\\/lisakroeber.com\\\/wp-content\\\/uploads\\\/2024\\\/07\\\/47178367_317322115661289_143956003702964224_n-e1543863670541.svg\",\"contentUrl\":\"https:\\\/\\\/lisakroeber.com\\\/wp-content\\\/uploads\\\/2024\\\/07\\\/47178367_317322115661289_143956003702964224_n-e1543863670541.svg\",\"width\":1,\"height\":1,\"caption\":\"Lisa Kroeber Jewellery\"},\"image\":{\"@id\":\"https:\\\/\\\/lisakroeber.com\\\/#\\\/schema\\\/logo\\\/image\\\/\"}}]}<\/script>\n<!-- \/ Yoast SEO plugin. -->","yoast_head_json":{"title":"ART K\u00f5rvar\u00f5ngad Birds - Lisa Kroeber Jewellery Art","robots":{"index":"index","follow":"follow","max-snippet":"max-snippet:-1","max-image-preview":"max-image-preview:large","max-video-preview":"max-video-preview:-1"},"canonical":"https:\/\/lisakroeber.com\/et\/toode\/art-korvarongad-birds\/","og_locale":"et_EE","og_type":"article","og_title":"ART K\u00f5rvar\u00f5ngad Birds - Lisa Kroeber Jewellery Art","og_description":"Birds k\u00f5rvar\u00f5ngad Vaba. M\u00e4nguline. V\u00e4ljendusrikas.  Birds k\u00f5rvar\u00f5ngad on ainukordne uus t\u00f5lgendus minu h\u00f5bedastest Birdsi k\u00f5rvar\u00f5ngastest. Unique Art Pieces kollektsiooni osana loodud ehe vaatab tuttavat linnuvormi v\u00e4rvi, kihilisuse ja liikumise kaudu uuest vaatenurgast. Mitmed elemendid moodustavad elava kompositsiooni: tiivad kattuvad, v\u00e4rvid suhestuvad ning linnud n\u00e4ivad olevat lennul \u2014 kerged, r\u00f5\u00f5msad ja t\u00e4is energiat. See, mis kunagi oli \u00e4ratuntav siluett, muutub uueks visuaalseks looks \u2014 m\u00e4nguliseks, kuid l\u00e4bim\u00f5eldud. Loodud \/15\/ n\u00e4ituse m\u00f5tiskleva loomingu k\u00e4igus, peegeldavad need k\u00f5rvar\u00f5ngad dialoogi mineviku ja oleviku vahel \u2014 uurides, kuidas pika ajalooga disain saab ajas areneda, s\u00e4ilitades samas oma hinge. Iga paar eksisteerib vaid \u00fches eksemplaris. Kantav kunstiteos, mis t\u00e4histab vabadust, kujutlusv\u00f5imet ja julgust edasi lennata. Kollektsioon: Unique Art Pieces Materjalid: pulberv\u00e4rvitud messing, pleksiklaas, h\u00f5be (925) Suurus: 8,8 cm \u00d7 6,2 cm Kaal: 14,93 g Ehe saadetakse teele 1\u20135 t\u00f6\u00f6p\u00e4eva jooksul. K\u00f5rvar\u00f5ngad on pakitud kinkekarpi.","og_url":"https:\/\/lisakroeber.com\/et\/toode\/art-korvarongad-birds\/","og_site_name":"Lisa Kroeber Jewellery Art","article_modified_time":"2026-01-23T19:27:51+00:00","og_image":[{"width":2560,"height":2560,"url":"https:\/\/lisakroeber.com\/wp-content\/uploads\/2026\/01\/BIRDS-ART-1-scaled.jpg","type":"image\/jpeg"}],"twitter_card":"summary_large_image","schema":{"@context":"https:\/\/schema.org","@graph":[{"@type":"WebPage","@id":"https:\/\/lisakroeber.com\/et\/toode\/art-korvarongad-birds\/","url":"https:\/\/lisakroeber.com\/et\/toode\/art-korvarongad-birds\/","name":"ART K\u00f5rvar\u00f5ngad Birds - Lisa Kroeber Jewellery Art","isPartOf":{"@id":"https:\/\/lisakroeber.com\/#website"},"primaryImageOfPage":{"@id":"https:\/\/lisakroeber.com\/et\/toode\/art-korvarongad-birds\/#primaryimage"},"image":{"@id":"https:\/\/lisakroeber.com\/et\/toode\/art-korvarongad-birds\/#primaryimage"},"thumbnailUrl":"https:\/\/lisakroeber.com\/wp-content\/uploads\/2026\/01\/BIRDS-ART-1-scaled.jpg","datePublished":"2026-01-22T11:50:23+00:00","dateModified":"2026-01-23T19:27:51+00:00","breadcrumb":{"@id":"https:\/\/lisakroeber.com\/et\/toode\/art-korvarongad-birds\/#breadcrumb"},"inLanguage":"et","potentialAction":[{"@type":"ReadAction","target":["https:\/\/lisakroeber.com\/et\/toode\/art-korvarongad-birds\/"]}]},{"@type":"ImageObject","inLanguage":"et","@id":"https:\/\/lisakroeber.com\/et\/toode\/art-korvarongad-birds\/#primaryimage","url":"https:\/\/lisakroeber.com\/wp-content\/uploads\/2026\/01\/BIRDS-ART-1-scaled.jpg","contentUrl":"https:\/\/lisakroeber.com\/wp-content\/uploads\/2026\/01\/BIRDS-ART-1-scaled.jpg","width":2560,"height":2560},{"@type":"BreadcrumbList","@id":"https:\/\/lisakroeber.com\/et\/toode\/art-korvarongad-birds\/#breadcrumb","itemListElement":[{"@type":"ListItem","position":1,"name":"Home","item":"https:\/\/lisakroeber.com\/et\/"},{"@type":"ListItem","position":2,"name":"Pood","item":"https:\/\/lisakroeber.com\/et\/pood\/"},{"@type":"ListItem","position":3,"name":"ART K\u00f5rvar\u00f5ngad Birds"}]},{"@type":"WebSite","@id":"https:\/\/lisakroeber.com\/#website","url":"https:\/\/lisakroeber.com\/","name":"Lisa Kroeber Jewellery Art","description":"Lisa Kroeber Jewellery Art e-shop","publisher":{"@id":"https:\/\/lisakroeber.com\/#organization"},"potentialAction":[{"@type":"SearchAction","target":{"@type":"EntryPoint","urlTemplate":"https:\/\/lisakroeber.com\/?s={search_term_string}"},"query-input":{"@type":"PropertyValueSpecification","valueRequired":true,"valueName":"search_term_string"}}],"inLanguage":"et"},{"@type":"Organization","@id":"https:\/\/lisakroeber.com\/#organization","name":"Lisa Kroeber Jewellery","url":"https:\/\/lisakroeber.com\/","logo":{"@type":"ImageObject","inLanguage":"et","@id":"https:\/\/lisakroeber.com\/#\/schema\/logo\/image\/","url":"https:\/\/lisakroeber.com\/wp-content\/uploads\/2024\/07\/47178367_317322115661289_143956003702964224_n-e1543863670541.svg","contentUrl":"https:\/\/lisakroeber.com\/wp-content\/uploads\/2024\/07\/47178367_317322115661289_143956003702964224_n-e1543863670541.svg","width":1,"height":1,"caption":"Lisa Kroeber Jewellery"},"image":{"@id":"https:\/\/lisakroeber.com\/#\/schema\/logo\/image\/"}}]}},"_links":{"self":[{"href":"https:\/\/lisakroeber.com\/et\/wp-json\/wp\/v2\/product\/310536","targetHints":{"allow":["GET"]}}],"collection":[{"href":"https:\/\/lisakroeber.com\/et\/wp-json\/wp\/v2\/product"}],"about":[{"href":"https:\/\/lisakroeber.com\/et\/wp-json\/wp\/v2\/types\/product"}],"wp:featuredmedia":[{"embeddable":true,"href":"https:\/\/lisakroeber.com\/et\/wp-json\/wp\/v2\/media\/310336"}],"wp:attachment":[{"href":"https:\/\/lisakroeber.com\/et\/wp-json\/wp\/v2\/media?parent=310536"}],"wp:term":[{"taxonomy":"product_brand","embeddable":true,"href":"https:\/\/lisakroeber.com\/et\/wp-json\/wp\/v2\/product_brand?post=310536"},{"taxonomy":"product_cat","embeddable":true,"href":"https:\/\/lisakroeber.com\/et\/wp-json\/wp\/v2\/product_cat?post=310536"},{"taxonomy":"product_tag","embeddable":true,"href":"https:\/\/lisakroeber.com\/et\/wp-json\/wp\/v2\/product_tag?post=310536"}],"curies":[{"name":"wp","href":"https:\/\/api.w.org\/{rel}","templated":true}]}}