{"id":310538,"date":"2026-01-22T13:25:45","date_gmt":"2026-01-22T11:25:45","guid":{"rendered":"https:\/\/lisakroeber.com\/product\/art-pross-tubes-ii\/"},"modified":"2026-01-23T21:43:05","modified_gmt":"2026-01-23T19:43:05","slug":"art-pross-tubes-ii","status":"publish","type":"product","link":"https:\/\/lisakroeber.com\/et\/toode\/art-pross-tubes-ii\/","title":{"rendered":"ART Pross Tubes II"},"content":{"rendered":"","protected":false},"excerpt":{"rendered":"<p data-start=\"0\" data-end=\"17\">Tube pross II<br \/>\nGraafiline. M\u00e4nguline. Ainulaadne.  <\/p>\n<p data-start=\"84\" data-end=\"354\"><em>Unique Art Pieces<\/em> kollektsiooni <em data-start=\"113\" data-end=\"132\">Tube pross<\/em> on v\u00e4rvikas uus t\u00f5lgendus klassikalisest Tubes-seeriast. \u00d5hukesed pulberv\u00e4rvitud toruelemendid on paigutatud kihilisse, peaaegu r\u00fctmilisse kompositsiooni, kus v\u00e4rv, pikkus ja vahed loovad liikumise ja visuaalse pinge. <\/p>\n<p data-start=\"356\" data-end=\"647\">Loodud \/15\/ n\u00e4ituse kontekstis, peegeldab see ehe hetke, kus tagasi vaatamine ja edasiliikumine toimuvad samaaegselt. Tuttav seeria muutub katsetamise l\u00e4htepunktiks \u2014 kompositsioon on vabam ning tulemus skulpturaalsem kui kunagi varem. <\/p>\n<p data-start=\"649\" data-end=\"908\">Hoolimata oma graafilisest iseloomust on pross kerge ja mugav kanda. Iga Tube pross on k\u00e4sitsi valmistatud ning eksisteerib ainukordse teosena \u2014 v\u00e4ike kantav kunstiteos, mis t\u00e4histab protsessi, uudishimu ja vormi taasavastamise r\u00f5\u00f5mu v\u00e4rvi kaudu. <\/p>\n<p>Kollektsioon: Unique Art Pieces<\/p>\n<p>Materjalid: pulberv\u00e4rvitud messing, h\u00f5be (925), roostevaba teras<\/p>\n<p>Suurus: 6,5cm x 2,5cm<\/p>\n<p>Kaal: 15,16g<\/p>\n<p>Ehe saadetakse teele 1\u20135 t\u00f6\u00f6p\u00e4eva jooksul.<\/p>\n<p>Pross on pakitud kinkekarpi.<\/p>\n","protected":false},"featured_media":310322,"template":"","meta":{"content-type":""},"product_brand":[],"product_cat":[1284,338,469],"product_tag":[],"class_list":{"0":"post-310538","1":"product","2":"type-product","3":"status-publish","4":"has-post-thumbnail","6":"product_cat-autoriehted","7":"product_cat-prossid","8":"product_cat-tubes-et","10":"first","11":"outofstock","12":"taxable","13":"shipping-taxable","14":"purchasable","15":"product-type-simple"},"yoast_head":"<!-- This site is optimized with the Yoast SEO plugin v27.3 - https:\/\/yoast.com\/product\/yoast-seo-wordpress\/ -->\n<title>ART Pross Tubes II - Lisa Kroeber Jewellery Art<\/title>\n<meta name=\"robots\" content=\"index, follow, max-snippet:-1, max-image-preview:large, max-video-preview:-1\" \/>\n<link rel=\"canonical\" href=\"https:\/\/lisakroeber.com\/et\/toode\/art-pross-tubes-ii\/\" \/>\n<meta property=\"og:locale\" content=\"et_EE\" \/>\n<meta property=\"og:type\" content=\"article\" \/>\n<meta property=\"og:title\" content=\"ART Pross Tubes II - Lisa Kroeber Jewellery Art\" \/>\n<meta property=\"og:description\" content=\"Tube pross II Graafiline. M\u00e4nguline. Ainulaadne.  Unique Art Pieces kollektsiooni Tube pross on v\u00e4rvikas uus t\u00f5lgendus klassikalisest Tubes-seeriast. \u00d5hukesed pulberv\u00e4rvitud toruelemendid on paigutatud kihilisse, peaaegu r\u00fctmilisse kompositsiooni, kus v\u00e4rv, pikkus ja vahed loovad liikumise ja visuaalse pinge. Loodud \/15\/ n\u00e4ituse kontekstis, peegeldab see ehe hetke, kus tagasi vaatamine ja edasiliikumine toimuvad samaaegselt. Tuttav seeria muutub katsetamise l\u00e4htepunktiks \u2014 kompositsioon on vabam ning tulemus skulpturaalsem kui kunagi varem. Hoolimata oma graafilisest iseloomust on pross kerge ja mugav kanda. Iga Tube pross on k\u00e4sitsi valmistatud ning eksisteerib ainukordse teosena \u2014 v\u00e4ike kantav kunstiteos, mis t\u00e4histab protsessi, uudishimu ja vormi taasavastamise r\u00f5\u00f5mu v\u00e4rvi kaudu. Kollektsioon: Unique Art Pieces Materjalid: pulberv\u00e4rvitud messing, h\u00f5be (925), roostevaba teras Suurus: 6,5cm x 2,5cm Kaal: 15,16g Ehe saadetakse teele 1\u20135 t\u00f6\u00f6p\u00e4eva jooksul. Pross on pakitud kinkekarpi.\" \/>\n<meta property=\"og:url\" content=\"https:\/\/lisakroeber.com\/et\/toode\/art-pross-tubes-ii\/\" \/>\n<meta property=\"og:site_name\" content=\"Lisa Kroeber Jewellery Art\" \/>\n<meta property=\"article:modified_time\" content=\"2026-01-23T19:43:05+00:00\" \/>\n<meta property=\"og:image\" content=\"https:\/\/lisakroeber.com\/wp-content\/uploads\/2026\/01\/Pross2-ART-scaled.jpg\" \/>\n\t<meta property=\"og:image:width\" content=\"2560\" \/>\n\t<meta property=\"og:image:height\" content=\"2560\" \/>\n\t<meta property=\"og:image:type\" content=\"image\/jpeg\" \/>\n<meta name=\"twitter:card\" content=\"summary_large_image\" \/>\n<script type=\"application\/ld+json\" class=\"yoast-schema-graph\">{\"@context\":\"https:\\\/\\\/schema.org\",\"@graph\":[{\"@type\":\"WebPage\",\"@id\":\"https:\\\/\\\/lisakroeber.com\\\/et\\\/toode\\\/art-pross-tubes-ii\\\/\",\"url\":\"https:\\\/\\\/lisakroeber.com\\\/et\\\/toode\\\/art-pross-tubes-ii\\\/\",\"name\":\"ART Pross Tubes II - Lisa Kroeber Jewellery Art\",\"isPartOf\":{\"@id\":\"https:\\\/\\\/lisakroeber.com\\\/#website\"},\"primaryImageOfPage\":{\"@id\":\"https:\\\/\\\/lisakroeber.com\\\/et\\\/toode\\\/art-pross-tubes-ii\\\/#primaryimage\"},\"image\":{\"@id\":\"https:\\\/\\\/lisakroeber.com\\\/et\\\/toode\\\/art-pross-tubes-ii\\\/#primaryimage\"},\"thumbnailUrl\":\"https:\\\/\\\/lisakroeber.com\\\/wp-content\\\/uploads\\\/2026\\\/01\\\/Pross2-ART-scaled.jpg\",\"datePublished\":\"2026-01-22T11:25:45+00:00\",\"dateModified\":\"2026-01-23T19:43:05+00:00\",\"breadcrumb\":{\"@id\":\"https:\\\/\\\/lisakroeber.com\\\/et\\\/toode\\\/art-pross-tubes-ii\\\/#breadcrumb\"},\"inLanguage\":\"et\",\"potentialAction\":[{\"@type\":\"ReadAction\",\"target\":[\"https:\\\/\\\/lisakroeber.com\\\/et\\\/toode\\\/art-pross-tubes-ii\\\/\"]}]},{\"@type\":\"ImageObject\",\"inLanguage\":\"et\",\"@id\":\"https:\\\/\\\/lisakroeber.com\\\/et\\\/toode\\\/art-pross-tubes-ii\\\/#primaryimage\",\"url\":\"https:\\\/\\\/lisakroeber.com\\\/wp-content\\\/uploads\\\/2026\\\/01\\\/Pross2-ART-scaled.jpg\",\"contentUrl\":\"https:\\\/\\\/lisakroeber.com\\\/wp-content\\\/uploads\\\/2026\\\/01\\\/Pross2-ART-scaled.jpg\",\"width\":2560,\"height\":2560},{\"@type\":\"BreadcrumbList\",\"@id\":\"https:\\\/\\\/lisakroeber.com\\\/et\\\/toode\\\/art-pross-tubes-ii\\\/#breadcrumb\",\"itemListElement\":[{\"@type\":\"ListItem\",\"position\":1,\"name\":\"Home\",\"item\":\"https:\\\/\\\/lisakroeber.com\\\/et\\\/\"},{\"@type\":\"ListItem\",\"position\":2,\"name\":\"Pood\",\"item\":\"https:\\\/\\\/lisakroeber.com\\\/et\\\/pood\\\/\"},{\"@type\":\"ListItem\",\"position\":3,\"name\":\"ART Pross Tubes II\"}]},{\"@type\":\"WebSite\",\"@id\":\"https:\\\/\\\/lisakroeber.com\\\/#website\",\"url\":\"https:\\\/\\\/lisakroeber.com\\\/\",\"name\":\"Lisa Kroeber Jewellery Art\",\"description\":\"Lisa Kroeber Jewellery Art e-shop\",\"publisher\":{\"@id\":\"https:\\\/\\\/lisakroeber.com\\\/#organization\"},\"potentialAction\":[{\"@type\":\"SearchAction\",\"target\":{\"@type\":\"EntryPoint\",\"urlTemplate\":\"https:\\\/\\\/lisakroeber.com\\\/?s={search_term_string}\"},\"query-input\":{\"@type\":\"PropertyValueSpecification\",\"valueRequired\":true,\"valueName\":\"search_term_string\"}}],\"inLanguage\":\"et\"},{\"@type\":\"Organization\",\"@id\":\"https:\\\/\\\/lisakroeber.com\\\/#organization\",\"name\":\"Lisa Kroeber Jewellery\",\"url\":\"https:\\\/\\\/lisakroeber.com\\\/\",\"logo\":{\"@type\":\"ImageObject\",\"inLanguage\":\"et\",\"@id\":\"https:\\\/\\\/lisakroeber.com\\\/#\\\/schema\\\/logo\\\/image\\\/\",\"url\":\"https:\\\/\\\/lisakroeber.com\\\/wp-content\\\/uploads\\\/2024\\\/07\\\/47178367_317322115661289_143956003702964224_n-e1543863670541.svg\",\"contentUrl\":\"https:\\\/\\\/lisakroeber.com\\\/wp-content\\\/uploads\\\/2024\\\/07\\\/47178367_317322115661289_143956003702964224_n-e1543863670541.svg\",\"width\":1,\"height\":1,\"caption\":\"Lisa Kroeber Jewellery\"},\"image\":{\"@id\":\"https:\\\/\\\/lisakroeber.com\\\/#\\\/schema\\\/logo\\\/image\\\/\"}}]}<\/script>\n<!-- \/ Yoast SEO plugin. -->","yoast_head_json":{"title":"ART Pross Tubes II - Lisa Kroeber Jewellery Art","robots":{"index":"index","follow":"follow","max-snippet":"max-snippet:-1","max-image-preview":"max-image-preview:large","max-video-preview":"max-video-preview:-1"},"canonical":"https:\/\/lisakroeber.com\/et\/toode\/art-pross-tubes-ii\/","og_locale":"et_EE","og_type":"article","og_title":"ART Pross Tubes II - Lisa Kroeber Jewellery Art","og_description":"Tube pross II Graafiline. M\u00e4nguline. Ainulaadne.  Unique Art Pieces kollektsiooni Tube pross on v\u00e4rvikas uus t\u00f5lgendus klassikalisest Tubes-seeriast. \u00d5hukesed pulberv\u00e4rvitud toruelemendid on paigutatud kihilisse, peaaegu r\u00fctmilisse kompositsiooni, kus v\u00e4rv, pikkus ja vahed loovad liikumise ja visuaalse pinge. Loodud \/15\/ n\u00e4ituse kontekstis, peegeldab see ehe hetke, kus tagasi vaatamine ja edasiliikumine toimuvad samaaegselt. Tuttav seeria muutub katsetamise l\u00e4htepunktiks \u2014 kompositsioon on vabam ning tulemus skulpturaalsem kui kunagi varem. Hoolimata oma graafilisest iseloomust on pross kerge ja mugav kanda. Iga Tube pross on k\u00e4sitsi valmistatud ning eksisteerib ainukordse teosena \u2014 v\u00e4ike kantav kunstiteos, mis t\u00e4histab protsessi, uudishimu ja vormi taasavastamise r\u00f5\u00f5mu v\u00e4rvi kaudu. Kollektsioon: Unique Art Pieces Materjalid: pulberv\u00e4rvitud messing, h\u00f5be (925), roostevaba teras Suurus: 6,5cm x 2,5cm Kaal: 15,16g Ehe saadetakse teele 1\u20135 t\u00f6\u00f6p\u00e4eva jooksul. Pross on pakitud kinkekarpi.","og_url":"https:\/\/lisakroeber.com\/et\/toode\/art-pross-tubes-ii\/","og_site_name":"Lisa Kroeber Jewellery Art","article_modified_time":"2026-01-23T19:43:05+00:00","og_image":[{"width":2560,"height":2560,"url":"https:\/\/lisakroeber.com\/wp-content\/uploads\/2026\/01\/Pross2-ART-scaled.jpg","type":"image\/jpeg"}],"twitter_card":"summary_large_image","schema":{"@context":"https:\/\/schema.org","@graph":[{"@type":"WebPage","@id":"https:\/\/lisakroeber.com\/et\/toode\/art-pross-tubes-ii\/","url":"https:\/\/lisakroeber.com\/et\/toode\/art-pross-tubes-ii\/","name":"ART Pross Tubes II - Lisa Kroeber Jewellery Art","isPartOf":{"@id":"https:\/\/lisakroeber.com\/#website"},"primaryImageOfPage":{"@id":"https:\/\/lisakroeber.com\/et\/toode\/art-pross-tubes-ii\/#primaryimage"},"image":{"@id":"https:\/\/lisakroeber.com\/et\/toode\/art-pross-tubes-ii\/#primaryimage"},"thumbnailUrl":"https:\/\/lisakroeber.com\/wp-content\/uploads\/2026\/01\/Pross2-ART-scaled.jpg","datePublished":"2026-01-22T11:25:45+00:00","dateModified":"2026-01-23T19:43:05+00:00","breadcrumb":{"@id":"https:\/\/lisakroeber.com\/et\/toode\/art-pross-tubes-ii\/#breadcrumb"},"inLanguage":"et","potentialAction":[{"@type":"ReadAction","target":["https:\/\/lisakroeber.com\/et\/toode\/art-pross-tubes-ii\/"]}]},{"@type":"ImageObject","inLanguage":"et","@id":"https:\/\/lisakroeber.com\/et\/toode\/art-pross-tubes-ii\/#primaryimage","url":"https:\/\/lisakroeber.com\/wp-content\/uploads\/2026\/01\/Pross2-ART-scaled.jpg","contentUrl":"https:\/\/lisakroeber.com\/wp-content\/uploads\/2026\/01\/Pross2-ART-scaled.jpg","width":2560,"height":2560},{"@type":"BreadcrumbList","@id":"https:\/\/lisakroeber.com\/et\/toode\/art-pross-tubes-ii\/#breadcrumb","itemListElement":[{"@type":"ListItem","position":1,"name":"Home","item":"https:\/\/lisakroeber.com\/et\/"},{"@type":"ListItem","position":2,"name":"Pood","item":"https:\/\/lisakroeber.com\/et\/pood\/"},{"@type":"ListItem","position":3,"name":"ART Pross Tubes II"}]},{"@type":"WebSite","@id":"https:\/\/lisakroeber.com\/#website","url":"https:\/\/lisakroeber.com\/","name":"Lisa Kroeber Jewellery Art","description":"Lisa Kroeber Jewellery Art e-shop","publisher":{"@id":"https:\/\/lisakroeber.com\/#organization"},"potentialAction":[{"@type":"SearchAction","target":{"@type":"EntryPoint","urlTemplate":"https:\/\/lisakroeber.com\/?s={search_term_string}"},"query-input":{"@type":"PropertyValueSpecification","valueRequired":true,"valueName":"search_term_string"}}],"inLanguage":"et"},{"@type":"Organization","@id":"https:\/\/lisakroeber.com\/#organization","name":"Lisa Kroeber Jewellery","url":"https:\/\/lisakroeber.com\/","logo":{"@type":"ImageObject","inLanguage":"et","@id":"https:\/\/lisakroeber.com\/#\/schema\/logo\/image\/","url":"https:\/\/lisakroeber.com\/wp-content\/uploads\/2024\/07\/47178367_317322115661289_143956003702964224_n-e1543863670541.svg","contentUrl":"https:\/\/lisakroeber.com\/wp-content\/uploads\/2024\/07\/47178367_317322115661289_143956003702964224_n-e1543863670541.svg","width":1,"height":1,"caption":"Lisa Kroeber Jewellery"},"image":{"@id":"https:\/\/lisakroeber.com\/#\/schema\/logo\/image\/"}}]}},"_links":{"self":[{"href":"https:\/\/lisakroeber.com\/et\/wp-json\/wp\/v2\/product\/310538","targetHints":{"allow":["GET"]}}],"collection":[{"href":"https:\/\/lisakroeber.com\/et\/wp-json\/wp\/v2\/product"}],"about":[{"href":"https:\/\/lisakroeber.com\/et\/wp-json\/wp\/v2\/types\/product"}],"wp:featuredmedia":[{"embeddable":true,"href":"https:\/\/lisakroeber.com\/et\/wp-json\/wp\/v2\/media\/310322"}],"wp:attachment":[{"href":"https:\/\/lisakroeber.com\/et\/wp-json\/wp\/v2\/media?parent=310538"}],"wp:term":[{"taxonomy":"product_brand","embeddable":true,"href":"https:\/\/lisakroeber.com\/et\/wp-json\/wp\/v2\/product_brand?post=310538"},{"taxonomy":"product_cat","embeddable":true,"href":"https:\/\/lisakroeber.com\/et\/wp-json\/wp\/v2\/product_cat?post=310538"},{"taxonomy":"product_tag","embeddable":true,"href":"https:\/\/lisakroeber.com\/et\/wp-json\/wp\/v2\/product_tag?post=310538"}],"curies":[{"name":"wp","href":"https:\/\/api.w.org\/{rel}","templated":true}]}}