{"id":310540,"date":"2026-01-22T11:50:49","date_gmt":"2026-01-22T09:50:49","guid":{"rendered":"https:\/\/lisakroeber.com\/product\/art-pross-tube-i\/"},"modified":"2026-01-23T21:59:12","modified_gmt":"2026-01-23T19:59:12","slug":"art-pross-tube-i","status":"publish","type":"product","link":"https:\/\/lisakroeber.com\/et\/toode\/art-pross-tube-i\/","title":{"rendered":"ART Pross Tube I"},"content":{"rendered":"","protected":false},"excerpt":{"rendered":"<p data-start=\"196\" data-end=\"213\"><strong>Tube Pross I<\/strong><br \/>\nGraafiline. Skulpturaalne. M\u00f5testatud.<\/p>\n<p data-start=\"278\" data-end=\"502\">Tube pross on skulpturaalne kompositsioon, mis on \u00fcles ehitatud lineaarsetest elementidest \u2014 taandatud r\u00fctmile, struktuurile ja tasakaalule. \u00d5hukesed torud moodustavad rahuliku, ent v\u00e4ljendusrikka graafilise pinna, milles peitub arhitektuurne s\u00fcgavus. <\/p>\n<p data-start=\"504\" data-end=\"740\">Loodud \/15\/ n\u00e4ituse osana, peegeldab see ehe \u00fcmberm\u00f5testamise hetke ning dialoogi mineviku ja oleviku vahel. Tuttav vorm on t\u00f5stetud v\u00e4lja oma algsest kontekstist ja muudetud iseseisvaks kunstiliseks objektiks. <\/p>\n<p data-start=\"742\" data-end=\"958\">V\u00e4rvilt minimalistlik, kuid v\u00e4ljenduselt tugev \u2014 pross muutub kantavaks statement\u2019iks: julgeks, ent vaoshoituks; struktureerituks, kuid poeetiliseks. Loodud m\u00f5tiskleva loomingulise protsessi k\u00e4igus, eksisteerib see pross vaid \u00fches eksemplaris. V\u00e4ike kantav kunstiteos, mis talletab katsetamise, uudishimu ja vormi taasavastamise r\u00f5\u00f5mu.  <\/p>\n<p>Kollektsioon: Unique Art Pieces<\/p>\n<p>Materjalid: pulberv\u00e4rvitud messing, h\u00f5be (925), roostevaba teras<\/p>\n<p>Suurus: 9,5cm x 4,7cm<\/p>\n<p>Kaal: 31,10g<\/p>\n<p>Ehe saadetakse teele 1\u20135 t\u00f6\u00f6p\u00e4eva jooksul.<\/p>\n<p>Pross on pakitud kinkekarpi.<\/p>\n","protected":false},"featured_media":310316,"template":"","meta":{"content-type":""},"product_brand":[],"product_cat":[1284,338,469],"product_tag":[],"class_list":{"0":"post-310540","1":"product","2":"type-product","3":"status-publish","4":"has-post-thumbnail","6":"product_cat-autoriehted","7":"product_cat-prossid","8":"product_cat-tubes-et","10":"first","11":"instock","12":"taxable","13":"shipping-taxable","14":"purchasable","15":"product-type-simple"},"yoast_head":"<!-- This site is optimized with the Yoast SEO plugin v27.3 - https:\/\/yoast.com\/product\/yoast-seo-wordpress\/ -->\n<title>ART Pross Tube I - Lisa Kroeber Jewellery Art<\/title>\n<meta name=\"robots\" content=\"index, follow, max-snippet:-1, max-image-preview:large, max-video-preview:-1\" \/>\n<link rel=\"canonical\" href=\"https:\/\/lisakroeber.com\/et\/toode\/art-pross-tube-i\/\" \/>\n<meta property=\"og:locale\" content=\"et_EE\" \/>\n<meta property=\"og:type\" content=\"article\" \/>\n<meta property=\"og:title\" content=\"ART Pross Tube I - Lisa Kroeber Jewellery Art\" \/>\n<meta property=\"og:description\" content=\"Tube Pross I Graafiline. Skulpturaalne. M\u00f5testatud. Tube pross on skulpturaalne kompositsioon, mis on \u00fcles ehitatud lineaarsetest elementidest \u2014 taandatud r\u00fctmile, struktuurile ja tasakaalule. \u00d5hukesed torud moodustavad rahuliku, ent v\u00e4ljendusrikka graafilise pinna, milles peitub arhitektuurne s\u00fcgavus. Loodud \/15\/ n\u00e4ituse osana, peegeldab see ehe \u00fcmberm\u00f5testamise hetke ning dialoogi mineviku ja oleviku vahel. Tuttav vorm on t\u00f5stetud v\u00e4lja oma algsest kontekstist ja muudetud iseseisvaks kunstiliseks objektiks. V\u00e4rvilt minimalistlik, kuid v\u00e4ljenduselt tugev \u2014 pross muutub kantavaks statement\u2019iks: julgeks, ent vaoshoituks; struktureerituks, kuid poeetiliseks. Loodud m\u00f5tiskleva loomingulise protsessi k\u00e4igus, eksisteerib see pross vaid \u00fches eksemplaris. V\u00e4ike kantav kunstiteos, mis talletab katsetamise, uudishimu ja vormi taasavastamise r\u00f5\u00f5mu.  Kollektsioon: Unique Art Pieces Materjalid: pulberv\u00e4rvitud messing, h\u00f5be (925), roostevaba teras Suurus: 9,5cm x 4,7cm Kaal: 31,10g Ehe saadetakse teele 1\u20135 t\u00f6\u00f6p\u00e4eva jooksul. Pross on pakitud kinkekarpi.\" \/>\n<meta property=\"og:url\" content=\"https:\/\/lisakroeber.com\/et\/toode\/art-pross-tube-i\/\" \/>\n<meta property=\"og:site_name\" content=\"Lisa Kroeber Jewellery Art\" \/>\n<meta property=\"article:modified_time\" content=\"2026-01-23T19:59:12+00:00\" \/>\n<meta property=\"og:image\" content=\"https:\/\/lisakroeber.com\/wp-content\/uploads\/2026\/01\/Pross-black-2-ART.jpg\" \/>\n\t<meta property=\"og:image:width\" content=\"2540\" \/>\n\t<meta property=\"og:image:height\" content=\"2540\" \/>\n\t<meta property=\"og:image:type\" content=\"image\/jpeg\" \/>\n<meta name=\"twitter:card\" content=\"summary_large_image\" \/>\n<script type=\"application\/ld+json\" class=\"yoast-schema-graph\">{\"@context\":\"https:\\\/\\\/schema.org\",\"@graph\":[{\"@type\":\"WebPage\",\"@id\":\"https:\\\/\\\/lisakroeber.com\\\/et\\\/toode\\\/art-pross-tube-i\\\/\",\"url\":\"https:\\\/\\\/lisakroeber.com\\\/et\\\/toode\\\/art-pross-tube-i\\\/\",\"name\":\"ART Pross Tube I - Lisa Kroeber Jewellery Art\",\"isPartOf\":{\"@id\":\"https:\\\/\\\/lisakroeber.com\\\/#website\"},\"primaryImageOfPage\":{\"@id\":\"https:\\\/\\\/lisakroeber.com\\\/et\\\/toode\\\/art-pross-tube-i\\\/#primaryimage\"},\"image\":{\"@id\":\"https:\\\/\\\/lisakroeber.com\\\/et\\\/toode\\\/art-pross-tube-i\\\/#primaryimage\"},\"thumbnailUrl\":\"https:\\\/\\\/lisakroeber.com\\\/wp-content\\\/uploads\\\/2026\\\/01\\\/Pross-black-2-ART.jpg\",\"datePublished\":\"2026-01-22T09:50:49+00:00\",\"dateModified\":\"2026-01-23T19:59:12+00:00\",\"breadcrumb\":{\"@id\":\"https:\\\/\\\/lisakroeber.com\\\/et\\\/toode\\\/art-pross-tube-i\\\/#breadcrumb\"},\"inLanguage\":\"et\",\"potentialAction\":[{\"@type\":\"ReadAction\",\"target\":[\"https:\\\/\\\/lisakroeber.com\\\/et\\\/toode\\\/art-pross-tube-i\\\/\"]}]},{\"@type\":\"ImageObject\",\"inLanguage\":\"et\",\"@id\":\"https:\\\/\\\/lisakroeber.com\\\/et\\\/toode\\\/art-pross-tube-i\\\/#primaryimage\",\"url\":\"https:\\\/\\\/lisakroeber.com\\\/wp-content\\\/uploads\\\/2026\\\/01\\\/Pross-black-2-ART.jpg\",\"contentUrl\":\"https:\\\/\\\/lisakroeber.com\\\/wp-content\\\/uploads\\\/2026\\\/01\\\/Pross-black-2-ART.jpg\",\"width\":2540,\"height\":2540},{\"@type\":\"BreadcrumbList\",\"@id\":\"https:\\\/\\\/lisakroeber.com\\\/et\\\/toode\\\/art-pross-tube-i\\\/#breadcrumb\",\"itemListElement\":[{\"@type\":\"ListItem\",\"position\":1,\"name\":\"Home\",\"item\":\"https:\\\/\\\/lisakroeber.com\\\/et\\\/\"},{\"@type\":\"ListItem\",\"position\":2,\"name\":\"Pood\",\"item\":\"https:\\\/\\\/lisakroeber.com\\\/et\\\/pood\\\/\"},{\"@type\":\"ListItem\",\"position\":3,\"name\":\"ART Pross Tube I\"}]},{\"@type\":\"WebSite\",\"@id\":\"https:\\\/\\\/lisakroeber.com\\\/#website\",\"url\":\"https:\\\/\\\/lisakroeber.com\\\/\",\"name\":\"Lisa Kroeber Jewellery Art\",\"description\":\"Lisa Kroeber Jewellery Art e-shop\",\"publisher\":{\"@id\":\"https:\\\/\\\/lisakroeber.com\\\/#organization\"},\"potentialAction\":[{\"@type\":\"SearchAction\",\"target\":{\"@type\":\"EntryPoint\",\"urlTemplate\":\"https:\\\/\\\/lisakroeber.com\\\/?s={search_term_string}\"},\"query-input\":{\"@type\":\"PropertyValueSpecification\",\"valueRequired\":true,\"valueName\":\"search_term_string\"}}],\"inLanguage\":\"et\"},{\"@type\":\"Organization\",\"@id\":\"https:\\\/\\\/lisakroeber.com\\\/#organization\",\"name\":\"Lisa Kroeber Jewellery\",\"url\":\"https:\\\/\\\/lisakroeber.com\\\/\",\"logo\":{\"@type\":\"ImageObject\",\"inLanguage\":\"et\",\"@id\":\"https:\\\/\\\/lisakroeber.com\\\/#\\\/schema\\\/logo\\\/image\\\/\",\"url\":\"https:\\\/\\\/lisakroeber.com\\\/wp-content\\\/uploads\\\/2024\\\/07\\\/47178367_317322115661289_143956003702964224_n-e1543863670541.svg\",\"contentUrl\":\"https:\\\/\\\/lisakroeber.com\\\/wp-content\\\/uploads\\\/2024\\\/07\\\/47178367_317322115661289_143956003702964224_n-e1543863670541.svg\",\"width\":1,\"height\":1,\"caption\":\"Lisa Kroeber Jewellery\"},\"image\":{\"@id\":\"https:\\\/\\\/lisakroeber.com\\\/#\\\/schema\\\/logo\\\/image\\\/\"}}]}<\/script>\n<!-- \/ Yoast SEO plugin. -->","yoast_head_json":{"title":"ART Pross Tube I - Lisa Kroeber Jewellery Art","robots":{"index":"index","follow":"follow","max-snippet":"max-snippet:-1","max-image-preview":"max-image-preview:large","max-video-preview":"max-video-preview:-1"},"canonical":"https:\/\/lisakroeber.com\/et\/toode\/art-pross-tube-i\/","og_locale":"et_EE","og_type":"article","og_title":"ART Pross Tube I - Lisa Kroeber Jewellery Art","og_description":"Tube Pross I Graafiline. Skulpturaalne. M\u00f5testatud. Tube pross on skulpturaalne kompositsioon, mis on \u00fcles ehitatud lineaarsetest elementidest \u2014 taandatud r\u00fctmile, struktuurile ja tasakaalule. \u00d5hukesed torud moodustavad rahuliku, ent v\u00e4ljendusrikka graafilise pinna, milles peitub arhitektuurne s\u00fcgavus. Loodud \/15\/ n\u00e4ituse osana, peegeldab see ehe \u00fcmberm\u00f5testamise hetke ning dialoogi mineviku ja oleviku vahel. Tuttav vorm on t\u00f5stetud v\u00e4lja oma algsest kontekstist ja muudetud iseseisvaks kunstiliseks objektiks. V\u00e4rvilt minimalistlik, kuid v\u00e4ljenduselt tugev \u2014 pross muutub kantavaks statement\u2019iks: julgeks, ent vaoshoituks; struktureerituks, kuid poeetiliseks. Loodud m\u00f5tiskleva loomingulise protsessi k\u00e4igus, eksisteerib see pross vaid \u00fches eksemplaris. V\u00e4ike kantav kunstiteos, mis talletab katsetamise, uudishimu ja vormi taasavastamise r\u00f5\u00f5mu.  Kollektsioon: Unique Art Pieces Materjalid: pulberv\u00e4rvitud messing, h\u00f5be (925), roostevaba teras Suurus: 9,5cm x 4,7cm Kaal: 31,10g Ehe saadetakse teele 1\u20135 t\u00f6\u00f6p\u00e4eva jooksul. Pross on pakitud kinkekarpi.","og_url":"https:\/\/lisakroeber.com\/et\/toode\/art-pross-tube-i\/","og_site_name":"Lisa Kroeber Jewellery Art","article_modified_time":"2026-01-23T19:59:12+00:00","og_image":[{"width":2540,"height":2540,"url":"https:\/\/lisakroeber.com\/wp-content\/uploads\/2026\/01\/Pross-black-2-ART.jpg","type":"image\/jpeg"}],"twitter_card":"summary_large_image","schema":{"@context":"https:\/\/schema.org","@graph":[{"@type":"WebPage","@id":"https:\/\/lisakroeber.com\/et\/toode\/art-pross-tube-i\/","url":"https:\/\/lisakroeber.com\/et\/toode\/art-pross-tube-i\/","name":"ART Pross Tube I - Lisa Kroeber Jewellery Art","isPartOf":{"@id":"https:\/\/lisakroeber.com\/#website"},"primaryImageOfPage":{"@id":"https:\/\/lisakroeber.com\/et\/toode\/art-pross-tube-i\/#primaryimage"},"image":{"@id":"https:\/\/lisakroeber.com\/et\/toode\/art-pross-tube-i\/#primaryimage"},"thumbnailUrl":"https:\/\/lisakroeber.com\/wp-content\/uploads\/2026\/01\/Pross-black-2-ART.jpg","datePublished":"2026-01-22T09:50:49+00:00","dateModified":"2026-01-23T19:59:12+00:00","breadcrumb":{"@id":"https:\/\/lisakroeber.com\/et\/toode\/art-pross-tube-i\/#breadcrumb"},"inLanguage":"et","potentialAction":[{"@type":"ReadAction","target":["https:\/\/lisakroeber.com\/et\/toode\/art-pross-tube-i\/"]}]},{"@type":"ImageObject","inLanguage":"et","@id":"https:\/\/lisakroeber.com\/et\/toode\/art-pross-tube-i\/#primaryimage","url":"https:\/\/lisakroeber.com\/wp-content\/uploads\/2026\/01\/Pross-black-2-ART.jpg","contentUrl":"https:\/\/lisakroeber.com\/wp-content\/uploads\/2026\/01\/Pross-black-2-ART.jpg","width":2540,"height":2540},{"@type":"BreadcrumbList","@id":"https:\/\/lisakroeber.com\/et\/toode\/art-pross-tube-i\/#breadcrumb","itemListElement":[{"@type":"ListItem","position":1,"name":"Home","item":"https:\/\/lisakroeber.com\/et\/"},{"@type":"ListItem","position":2,"name":"Pood","item":"https:\/\/lisakroeber.com\/et\/pood\/"},{"@type":"ListItem","position":3,"name":"ART Pross Tube I"}]},{"@type":"WebSite","@id":"https:\/\/lisakroeber.com\/#website","url":"https:\/\/lisakroeber.com\/","name":"Lisa Kroeber Jewellery Art","description":"Lisa Kroeber Jewellery Art e-shop","publisher":{"@id":"https:\/\/lisakroeber.com\/#organization"},"potentialAction":[{"@type":"SearchAction","target":{"@type":"EntryPoint","urlTemplate":"https:\/\/lisakroeber.com\/?s={search_term_string}"},"query-input":{"@type":"PropertyValueSpecification","valueRequired":true,"valueName":"search_term_string"}}],"inLanguage":"et"},{"@type":"Organization","@id":"https:\/\/lisakroeber.com\/#organization","name":"Lisa Kroeber Jewellery","url":"https:\/\/lisakroeber.com\/","logo":{"@type":"ImageObject","inLanguage":"et","@id":"https:\/\/lisakroeber.com\/#\/schema\/logo\/image\/","url":"https:\/\/lisakroeber.com\/wp-content\/uploads\/2024\/07\/47178367_317322115661289_143956003702964224_n-e1543863670541.svg","contentUrl":"https:\/\/lisakroeber.com\/wp-content\/uploads\/2024\/07\/47178367_317322115661289_143956003702964224_n-e1543863670541.svg","width":1,"height":1,"caption":"Lisa Kroeber Jewellery"},"image":{"@id":"https:\/\/lisakroeber.com\/#\/schema\/logo\/image\/"}}]}},"_links":{"self":[{"href":"https:\/\/lisakroeber.com\/et\/wp-json\/wp\/v2\/product\/310540","targetHints":{"allow":["GET"]}}],"collection":[{"href":"https:\/\/lisakroeber.com\/et\/wp-json\/wp\/v2\/product"}],"about":[{"href":"https:\/\/lisakroeber.com\/et\/wp-json\/wp\/v2\/types\/product"}],"wp:featuredmedia":[{"embeddable":true,"href":"https:\/\/lisakroeber.com\/et\/wp-json\/wp\/v2\/media\/310316"}],"wp:attachment":[{"href":"https:\/\/lisakroeber.com\/et\/wp-json\/wp\/v2\/media?parent=310540"}],"wp:term":[{"taxonomy":"product_brand","embeddable":true,"href":"https:\/\/lisakroeber.com\/et\/wp-json\/wp\/v2\/product_brand?post=310540"},{"taxonomy":"product_cat","embeddable":true,"href":"https:\/\/lisakroeber.com\/et\/wp-json\/wp\/v2\/product_cat?post=310540"},{"taxonomy":"product_tag","embeddable":true,"href":"https:\/\/lisakroeber.com\/et\/wp-json\/wp\/v2\/product_tag?post=310540"}],"curies":[{"name":"wp","href":"https:\/\/api.w.org\/{rel}","templated":true}]}}