{"id":310542,"date":"2026-01-22T11:34:19","date_gmt":"2026-01-22T09:34:19","guid":{"rendered":"https:\/\/lisakroeber.com\/product\/art-korvarongad-leaves-iii\/"},"modified":"2026-01-28T13:59:51","modified_gmt":"2026-01-28T11:59:51","slug":"art-korvarongad-leaves-iii","status":"publish","type":"product","link":"https:\/\/lisakroeber.com\/et\/toode\/art-korvarongad-leaves-iii\/","title":{"rendered":"ART K\u00f5rvar\u00f5ngad Leaves III"},"content":{"rendered":"","protected":false},"excerpt":{"rendered":"<p data-start=\"0\" data-end=\"50\"><strong data-start=\"0\" data-end=\"19\">Leaves k\u00f5rvar\u00f5ngad III<\/strong><br data-start=\"19\" data-end=\"22\">Leaves k\u00f5rvar\u00f5ngad III<br \/>Leaves k\u00f5rvar\u00f5ngad kuuluvad Unique Art Pieces kollektsiooni ning on loodud klassikalise Leaves-vormi ainukordse \u00fcmbert\u00f5lgendusena. Tuginedes varasemale seeriale uurib see ehe, kuidas v\u00e4rv ja avatus v\u00f5ivad anda tuttavale kujule t\u00e4iesti uue v\u00e4ljenduse. <\/p>\n<p data-start=\"341\" data-end=\"561\">Peenelt l\u00f5igatud lehemotiiv loob kerguse ja l\u00e4bipaistvuse, lastes v\u00e4rvidel pehmelt \u00fcksteisesse sulanduda. Voolav siluett m\u00f5jub \u00f5huliselt ja elavana, justkui liiguksid lehed iga sammuga kaasa. <\/p>\n<p data-start=\"563\" data-end=\"785\" data-is-last-node=\"\" data-is-only-node=\"\">See paar eksisteerib vaid \u00fches eksemplaris. Loodud loomingulise m\u00f5tiskluse protsessi k\u00e4igus, talletavad need k\u00f5rvar\u00f5ngad muutumise hetke.<\/p>\n<p>Kollektsioon: Unique Art Pieces<\/p>\n<p>Materjalid: pulberv\u00e4rvitud messing, h\u00f5be (925)<\/p>\n<p>Suurus: 5,5cm x11cm<\/p>\n<p>Kaal: 12,70g<\/p>\n<p>Ehe saadetakse teele 1\u20135 t\u00f6\u00f6p\u00e4eva jooksul.<\/p>\n<p>K\u00f5rvar\u00f5ngad on pakitud kinkekarpi.<\/p>\n","protected":false},"featured_media":310293,"template":"","meta":{"content-type":""},"product_brand":[],"product_cat":[1284,342,441],"product_tag":[],"class_list":{"0":"post-310542","1":"product","2":"type-product","3":"status-publish","4":"has-post-thumbnail","6":"product_cat-autoriehted","7":"product_cat-korvarongad","8":"product_cat-leaves-et","10":"first","11":"instock","12":"taxable","13":"shipping-taxable","14":"purchasable","15":"product-type-simple"},"yoast_head":"<!-- This site is optimized with the Yoast SEO plugin v27.3 - https:\/\/yoast.com\/product\/yoast-seo-wordpress\/ -->\n<title>ART K\u00f5rvar\u00f5ngad Leaves III - Lisa Kroeber Jewellery Art<\/title>\n<meta name=\"robots\" content=\"index, follow, max-snippet:-1, max-image-preview:large, max-video-preview:-1\" \/>\n<link rel=\"canonical\" href=\"https:\/\/lisakroeber.com\/et\/toode\/art-korvarongad-leaves-iii\/\" \/>\n<meta property=\"og:locale\" content=\"et_EE\" \/>\n<meta property=\"og:type\" content=\"article\" \/>\n<meta property=\"og:title\" content=\"ART K\u00f5rvar\u00f5ngad Leaves III - Lisa Kroeber Jewellery Art\" \/>\n<meta property=\"og:description\" content=\"Leaves k\u00f5rvar\u00f5ngad IIILeaves k\u00f5rvar\u00f5ngad IIILeaves k\u00f5rvar\u00f5ngad kuuluvad Unique Art Pieces kollektsiooni ning on loodud klassikalise Leaves-vormi ainukordse \u00fcmbert\u00f5lgendusena. Tuginedes varasemale seeriale uurib see ehe, kuidas v\u00e4rv ja avatus v\u00f5ivad anda tuttavale kujule t\u00e4iesti uue v\u00e4ljenduse. Peenelt l\u00f5igatud lehemotiiv loob kerguse ja l\u00e4bipaistvuse, lastes v\u00e4rvidel pehmelt \u00fcksteisesse sulanduda. Voolav siluett m\u00f5jub \u00f5huliselt ja elavana, justkui liiguksid lehed iga sammuga kaasa. See paar eksisteerib vaid \u00fches eksemplaris. Loodud loomingulise m\u00f5tiskluse protsessi k\u00e4igus, talletavad need k\u00f5rvar\u00f5ngad muutumise hetke. Kollektsioon: Unique Art Pieces Materjalid: pulberv\u00e4rvitud messing, h\u00f5be (925) Suurus: 5,5cm x11cm Kaal: 12,70g Ehe saadetakse teele 1\u20135 t\u00f6\u00f6p\u00e4eva jooksul. K\u00f5rvar\u00f5ngad on pakitud kinkekarpi.\" \/>\n<meta property=\"og:url\" content=\"https:\/\/lisakroeber.com\/et\/toode\/art-korvarongad-leaves-iii\/\" \/>\n<meta property=\"og:site_name\" content=\"Lisa Kroeber Jewellery Art\" \/>\n<meta property=\"article:modified_time\" content=\"2026-01-28T11:59:51+00:00\" \/>\n<meta property=\"og:image\" content=\"https:\/\/lisakroeber.com\/wp-content\/uploads\/2026\/01\/Leaves-lila-ART-scaled.jpg\" \/>\n\t<meta property=\"og:image:width\" content=\"2560\" \/>\n\t<meta property=\"og:image:height\" content=\"2560\" \/>\n\t<meta property=\"og:image:type\" content=\"image\/jpeg\" \/>\n<meta name=\"twitter:card\" content=\"summary_large_image\" \/>\n<script type=\"application\/ld+json\" class=\"yoast-schema-graph\">{\"@context\":\"https:\\\/\\\/schema.org\",\"@graph\":[{\"@type\":\"WebPage\",\"@id\":\"https:\\\/\\\/lisakroeber.com\\\/et\\\/toode\\\/art-korvarongad-leaves-iii\\\/\",\"url\":\"https:\\\/\\\/lisakroeber.com\\\/et\\\/toode\\\/art-korvarongad-leaves-iii\\\/\",\"name\":\"ART K\u00f5rvar\u00f5ngad Leaves III - Lisa Kroeber Jewellery Art\",\"isPartOf\":{\"@id\":\"https:\\\/\\\/lisakroeber.com\\\/#website\"},\"primaryImageOfPage\":{\"@id\":\"https:\\\/\\\/lisakroeber.com\\\/et\\\/toode\\\/art-korvarongad-leaves-iii\\\/#primaryimage\"},\"image\":{\"@id\":\"https:\\\/\\\/lisakroeber.com\\\/et\\\/toode\\\/art-korvarongad-leaves-iii\\\/#primaryimage\"},\"thumbnailUrl\":\"https:\\\/\\\/lisakroeber.com\\\/wp-content\\\/uploads\\\/2026\\\/01\\\/Leaves-lila-ART-scaled.jpg\",\"datePublished\":\"2026-01-22T09:34:19+00:00\",\"dateModified\":\"2026-01-28T11:59:51+00:00\",\"breadcrumb\":{\"@id\":\"https:\\\/\\\/lisakroeber.com\\\/et\\\/toode\\\/art-korvarongad-leaves-iii\\\/#breadcrumb\"},\"inLanguage\":\"et\",\"potentialAction\":[{\"@type\":\"ReadAction\",\"target\":[\"https:\\\/\\\/lisakroeber.com\\\/et\\\/toode\\\/art-korvarongad-leaves-iii\\\/\"]}]},{\"@type\":\"ImageObject\",\"inLanguage\":\"et\",\"@id\":\"https:\\\/\\\/lisakroeber.com\\\/et\\\/toode\\\/art-korvarongad-leaves-iii\\\/#primaryimage\",\"url\":\"https:\\\/\\\/lisakroeber.com\\\/wp-content\\\/uploads\\\/2026\\\/01\\\/Leaves-lila-ART-scaled.jpg\",\"contentUrl\":\"https:\\\/\\\/lisakroeber.com\\\/wp-content\\\/uploads\\\/2026\\\/01\\\/Leaves-lila-ART-scaled.jpg\",\"width\":2560,\"height\":2560},{\"@type\":\"BreadcrumbList\",\"@id\":\"https:\\\/\\\/lisakroeber.com\\\/et\\\/toode\\\/art-korvarongad-leaves-iii\\\/#breadcrumb\",\"itemListElement\":[{\"@type\":\"ListItem\",\"position\":1,\"name\":\"Home\",\"item\":\"https:\\\/\\\/lisakroeber.com\\\/et\\\/\"},{\"@type\":\"ListItem\",\"position\":2,\"name\":\"Pood\",\"item\":\"https:\\\/\\\/lisakroeber.com\\\/et\\\/pood\\\/\"},{\"@type\":\"ListItem\",\"position\":3,\"name\":\"ART K\u00f5rvar\u00f5ngad Leaves III\"}]},{\"@type\":\"WebSite\",\"@id\":\"https:\\\/\\\/lisakroeber.com\\\/#website\",\"url\":\"https:\\\/\\\/lisakroeber.com\\\/\",\"name\":\"Lisa Kroeber Jewellery Art\",\"description\":\"Lisa Kroeber Jewellery Art e-shop\",\"publisher\":{\"@id\":\"https:\\\/\\\/lisakroeber.com\\\/#organization\"},\"potentialAction\":[{\"@type\":\"SearchAction\",\"target\":{\"@type\":\"EntryPoint\",\"urlTemplate\":\"https:\\\/\\\/lisakroeber.com\\\/?s={search_term_string}\"},\"query-input\":{\"@type\":\"PropertyValueSpecification\",\"valueRequired\":true,\"valueName\":\"search_term_string\"}}],\"inLanguage\":\"et\"},{\"@type\":\"Organization\",\"@id\":\"https:\\\/\\\/lisakroeber.com\\\/#organization\",\"name\":\"Lisa Kroeber Jewellery\",\"url\":\"https:\\\/\\\/lisakroeber.com\\\/\",\"logo\":{\"@type\":\"ImageObject\",\"inLanguage\":\"et\",\"@id\":\"https:\\\/\\\/lisakroeber.com\\\/#\\\/schema\\\/logo\\\/image\\\/\",\"url\":\"https:\\\/\\\/lisakroeber.com\\\/wp-content\\\/uploads\\\/2024\\\/07\\\/47178367_317322115661289_143956003702964224_n-e1543863670541.svg\",\"contentUrl\":\"https:\\\/\\\/lisakroeber.com\\\/wp-content\\\/uploads\\\/2024\\\/07\\\/47178367_317322115661289_143956003702964224_n-e1543863670541.svg\",\"width\":1,\"height\":1,\"caption\":\"Lisa Kroeber Jewellery\"},\"image\":{\"@id\":\"https:\\\/\\\/lisakroeber.com\\\/#\\\/schema\\\/logo\\\/image\\\/\"}}]}<\/script>\n<!-- \/ Yoast SEO plugin. -->","yoast_head_json":{"title":"ART K\u00f5rvar\u00f5ngad Leaves III - Lisa Kroeber Jewellery Art","robots":{"index":"index","follow":"follow","max-snippet":"max-snippet:-1","max-image-preview":"max-image-preview:large","max-video-preview":"max-video-preview:-1"},"canonical":"https:\/\/lisakroeber.com\/et\/toode\/art-korvarongad-leaves-iii\/","og_locale":"et_EE","og_type":"article","og_title":"ART K\u00f5rvar\u00f5ngad Leaves III - Lisa Kroeber Jewellery Art","og_description":"Leaves k\u00f5rvar\u00f5ngad IIILeaves k\u00f5rvar\u00f5ngad IIILeaves k\u00f5rvar\u00f5ngad kuuluvad Unique Art Pieces kollektsiooni ning on loodud klassikalise Leaves-vormi ainukordse \u00fcmbert\u00f5lgendusena. Tuginedes varasemale seeriale uurib see ehe, kuidas v\u00e4rv ja avatus v\u00f5ivad anda tuttavale kujule t\u00e4iesti uue v\u00e4ljenduse. Peenelt l\u00f5igatud lehemotiiv loob kerguse ja l\u00e4bipaistvuse, lastes v\u00e4rvidel pehmelt \u00fcksteisesse sulanduda. Voolav siluett m\u00f5jub \u00f5huliselt ja elavana, justkui liiguksid lehed iga sammuga kaasa. See paar eksisteerib vaid \u00fches eksemplaris. Loodud loomingulise m\u00f5tiskluse protsessi k\u00e4igus, talletavad need k\u00f5rvar\u00f5ngad muutumise hetke. Kollektsioon: Unique Art Pieces Materjalid: pulberv\u00e4rvitud messing, h\u00f5be (925) Suurus: 5,5cm x11cm Kaal: 12,70g Ehe saadetakse teele 1\u20135 t\u00f6\u00f6p\u00e4eva jooksul. K\u00f5rvar\u00f5ngad on pakitud kinkekarpi.","og_url":"https:\/\/lisakroeber.com\/et\/toode\/art-korvarongad-leaves-iii\/","og_site_name":"Lisa Kroeber Jewellery Art","article_modified_time":"2026-01-28T11:59:51+00:00","og_image":[{"width":2560,"height":2560,"url":"https:\/\/lisakroeber.com\/wp-content\/uploads\/2026\/01\/Leaves-lila-ART-scaled.jpg","type":"image\/jpeg"}],"twitter_card":"summary_large_image","schema":{"@context":"https:\/\/schema.org","@graph":[{"@type":"WebPage","@id":"https:\/\/lisakroeber.com\/et\/toode\/art-korvarongad-leaves-iii\/","url":"https:\/\/lisakroeber.com\/et\/toode\/art-korvarongad-leaves-iii\/","name":"ART K\u00f5rvar\u00f5ngad Leaves III - Lisa Kroeber Jewellery Art","isPartOf":{"@id":"https:\/\/lisakroeber.com\/#website"},"primaryImageOfPage":{"@id":"https:\/\/lisakroeber.com\/et\/toode\/art-korvarongad-leaves-iii\/#primaryimage"},"image":{"@id":"https:\/\/lisakroeber.com\/et\/toode\/art-korvarongad-leaves-iii\/#primaryimage"},"thumbnailUrl":"https:\/\/lisakroeber.com\/wp-content\/uploads\/2026\/01\/Leaves-lila-ART-scaled.jpg","datePublished":"2026-01-22T09:34:19+00:00","dateModified":"2026-01-28T11:59:51+00:00","breadcrumb":{"@id":"https:\/\/lisakroeber.com\/et\/toode\/art-korvarongad-leaves-iii\/#breadcrumb"},"inLanguage":"et","potentialAction":[{"@type":"ReadAction","target":["https:\/\/lisakroeber.com\/et\/toode\/art-korvarongad-leaves-iii\/"]}]},{"@type":"ImageObject","inLanguage":"et","@id":"https:\/\/lisakroeber.com\/et\/toode\/art-korvarongad-leaves-iii\/#primaryimage","url":"https:\/\/lisakroeber.com\/wp-content\/uploads\/2026\/01\/Leaves-lila-ART-scaled.jpg","contentUrl":"https:\/\/lisakroeber.com\/wp-content\/uploads\/2026\/01\/Leaves-lila-ART-scaled.jpg","width":2560,"height":2560},{"@type":"BreadcrumbList","@id":"https:\/\/lisakroeber.com\/et\/toode\/art-korvarongad-leaves-iii\/#breadcrumb","itemListElement":[{"@type":"ListItem","position":1,"name":"Home","item":"https:\/\/lisakroeber.com\/et\/"},{"@type":"ListItem","position":2,"name":"Pood","item":"https:\/\/lisakroeber.com\/et\/pood\/"},{"@type":"ListItem","position":3,"name":"ART K\u00f5rvar\u00f5ngad Leaves III"}]},{"@type":"WebSite","@id":"https:\/\/lisakroeber.com\/#website","url":"https:\/\/lisakroeber.com\/","name":"Lisa Kroeber Jewellery Art","description":"Lisa Kroeber Jewellery Art e-shop","publisher":{"@id":"https:\/\/lisakroeber.com\/#organization"},"potentialAction":[{"@type":"SearchAction","target":{"@type":"EntryPoint","urlTemplate":"https:\/\/lisakroeber.com\/?s={search_term_string}"},"query-input":{"@type":"PropertyValueSpecification","valueRequired":true,"valueName":"search_term_string"}}],"inLanguage":"et"},{"@type":"Organization","@id":"https:\/\/lisakroeber.com\/#organization","name":"Lisa Kroeber Jewellery","url":"https:\/\/lisakroeber.com\/","logo":{"@type":"ImageObject","inLanguage":"et","@id":"https:\/\/lisakroeber.com\/#\/schema\/logo\/image\/","url":"https:\/\/lisakroeber.com\/wp-content\/uploads\/2024\/07\/47178367_317322115661289_143956003702964224_n-e1543863670541.svg","contentUrl":"https:\/\/lisakroeber.com\/wp-content\/uploads\/2024\/07\/47178367_317322115661289_143956003702964224_n-e1543863670541.svg","width":1,"height":1,"caption":"Lisa Kroeber Jewellery"},"image":{"@id":"https:\/\/lisakroeber.com\/#\/schema\/logo\/image\/"}}]}},"_links":{"self":[{"href":"https:\/\/lisakroeber.com\/et\/wp-json\/wp\/v2\/product\/310542","targetHints":{"allow":["GET"]}}],"collection":[{"href":"https:\/\/lisakroeber.com\/et\/wp-json\/wp\/v2\/product"}],"about":[{"href":"https:\/\/lisakroeber.com\/et\/wp-json\/wp\/v2\/types\/product"}],"wp:featuredmedia":[{"embeddable":true,"href":"https:\/\/lisakroeber.com\/et\/wp-json\/wp\/v2\/media\/310293"}],"wp:attachment":[{"href":"https:\/\/lisakroeber.com\/et\/wp-json\/wp\/v2\/media?parent=310542"}],"wp:term":[{"taxonomy":"product_brand","embeddable":true,"href":"https:\/\/lisakroeber.com\/et\/wp-json\/wp\/v2\/product_brand?post=310542"},{"taxonomy":"product_cat","embeddable":true,"href":"https:\/\/lisakroeber.com\/et\/wp-json\/wp\/v2\/product_cat?post=310542"},{"taxonomy":"product_tag","embeddable":true,"href":"https:\/\/lisakroeber.com\/et\/wp-json\/wp\/v2\/product_tag?post=310542"}],"curies":[{"name":"wp","href":"https:\/\/api.w.org\/{rel}","templated":true}]}}