{"id":310544,"date":"2026-01-22T11:28:41","date_gmt":"2026-01-22T09:28:41","guid":{"rendered":"https:\/\/lisakroeber.com\/product\/art-korvarongad-leaves-ii\/"},"modified":"2026-01-23T22:22:19","modified_gmt":"2026-01-23T20:22:19","slug":"art-korvarongad-leaves-ii","status":"publish","type":"product","link":"https:\/\/lisakroeber.com\/et\/toode\/art-korvarongad-leaves-ii\/","title":{"rendered":"ART K\u00f5rvar\u00f5ngad Leaves II"},"content":{"rendered":"","protected":false},"excerpt":{"rendered":"<p data-start=\"0\" data-end=\"53\">Leaves k\u00f5rvar\u00f5ngad II<br data-start=\"19\" data-end=\"22\">Ainulaadne. Soe. Muutuv.  <\/p>\n<p data-start=\"55\" data-end=\"320\"><em data-start=\"59\" data-end=\"67\">Leaves<\/em> k\u00f5rvar\u00f5ngad kuuluvad Unique Art Pieces kollektsiooni, need on uus t\u00f5lgendus tuttavast Leaves\u2019i vormist. Varasematest disainidest inspireerituna uurib see ehe, kuidas v\u00e4rv ja proportsioon v\u00f5ivad muuta tuntud kuju millekski t\u00e4iesti uueks. <\/p>\n<p data-start=\"322\" data-end=\"557\">Pehmelt kaarduvad lehesiluetid avanevad soojades, maistes toonides, luues s\u00fcgavust ja \u00f5rna liikumise tunnet. Astmeline v\u00e4rvipind lisab emotsiooni ja atmosf\u00e4\u00e4ri, muutes iga k\u00f5rvar\u00f5nga vaikseks visuaalseks r\u00e4nnakuks valguse ja varju vahel. <\/p>\n<p data-start=\"559\" data-end=\"760\" data-is-last-node=\"\" data-is-only-node=\"\">See paar eksisteerib ainukordse kunstiteosena. Ehe, mis on loodud hetkena ajas \u2014 kandmiseks kui kunst, mitte lihtsalt aksessuaar. <\/p>\n<p>Kollektsioon: Unique Art Pieces<\/p>\n<p>Materjalid: pulberv\u00e4rvitud messing, h\u00f5be (925)<\/p>\n<p>Suurus: 3,5cm x 11cm<\/p>\n<p>Kaal: 12,8g<\/p>\n<p>Ehe saadetakse teele 1\u20135 t\u00f6\u00f6p\u00e4eva jooksul.<\/p>\n<p>K\u00f5rvar\u00f5ngad on pakitud kinkekarpi.<\/p>\n","protected":false},"featured_media":310290,"template":"","meta":{"content-type":""},"product_brand":[],"product_cat":[1284,342,441],"product_tag":[],"class_list":{"0":"post-310544","1":"product","2":"type-product","3":"status-publish","4":"has-post-thumbnail","6":"product_cat-autoriehted","7":"product_cat-korvarongad","8":"product_cat-leaves-et","10":"first","11":"instock","12":"taxable","13":"shipping-taxable","14":"purchasable","15":"product-type-simple"},"yoast_head":"<!-- This site is optimized with the Yoast SEO plugin v27.3 - https:\/\/yoast.com\/product\/yoast-seo-wordpress\/ -->\n<title>ART K\u00f5rvar\u00f5ngad Leaves II - Lisa Kroeber Jewellery Art<\/title>\n<meta name=\"robots\" content=\"index, follow, max-snippet:-1, max-image-preview:large, max-video-preview:-1\" \/>\n<link rel=\"canonical\" href=\"https:\/\/lisakroeber.com\/et\/toode\/art-korvarongad-leaves-ii\/\" \/>\n<meta property=\"og:locale\" content=\"et_EE\" \/>\n<meta property=\"og:type\" content=\"article\" \/>\n<meta property=\"og:title\" content=\"ART K\u00f5rvar\u00f5ngad Leaves II - Lisa Kroeber Jewellery Art\" \/>\n<meta property=\"og:description\" content=\"Leaves k\u00f5rvar\u00f5ngad IIAinulaadne. Soe. Muutuv.  Leaves k\u00f5rvar\u00f5ngad kuuluvad Unique Art Pieces kollektsiooni, need on uus t\u00f5lgendus tuttavast Leaves\u2019i vormist. Varasematest disainidest inspireerituna uurib see ehe, kuidas v\u00e4rv ja proportsioon v\u00f5ivad muuta tuntud kuju millekski t\u00e4iesti uueks. Pehmelt kaarduvad lehesiluetid avanevad soojades, maistes toonides, luues s\u00fcgavust ja \u00f5rna liikumise tunnet. Astmeline v\u00e4rvipind lisab emotsiooni ja atmosf\u00e4\u00e4ri, muutes iga k\u00f5rvar\u00f5nga vaikseks visuaalseks r\u00e4nnakuks valguse ja varju vahel. See paar eksisteerib ainukordse kunstiteosena. Ehe, mis on loodud hetkena ajas \u2014 kandmiseks kui kunst, mitte lihtsalt aksessuaar. Kollektsioon: Unique Art Pieces Materjalid: pulberv\u00e4rvitud messing, h\u00f5be (925) Suurus: 3,5cm x 11cm Kaal: 12,8g Ehe saadetakse teele 1\u20135 t\u00f6\u00f6p\u00e4eva jooksul. K\u00f5rvar\u00f5ngad on pakitud kinkekarpi.\" \/>\n<meta property=\"og:url\" content=\"https:\/\/lisakroeber.com\/et\/toode\/art-korvarongad-leaves-ii\/\" \/>\n<meta property=\"og:site_name\" content=\"Lisa Kroeber Jewellery Art\" \/>\n<meta property=\"article:modified_time\" content=\"2026-01-23T20:22:19+00:00\" \/>\n<meta property=\"og:image\" content=\"https:\/\/lisakroeber.com\/wp-content\/uploads\/2026\/01\/Leaves-braun-ART-scaled.jpg\" \/>\n\t<meta property=\"og:image:width\" content=\"2560\" \/>\n\t<meta property=\"og:image:height\" content=\"2560\" \/>\n\t<meta property=\"og:image:type\" content=\"image\/jpeg\" \/>\n<meta name=\"twitter:card\" content=\"summary_large_image\" \/>\n<script type=\"application\/ld+json\" class=\"yoast-schema-graph\">{\"@context\":\"https:\\\/\\\/schema.org\",\"@graph\":[{\"@type\":\"WebPage\",\"@id\":\"https:\\\/\\\/lisakroeber.com\\\/et\\\/toode\\\/art-korvarongad-leaves-ii\\\/\",\"url\":\"https:\\\/\\\/lisakroeber.com\\\/et\\\/toode\\\/art-korvarongad-leaves-ii\\\/\",\"name\":\"ART K\u00f5rvar\u00f5ngad Leaves II - Lisa Kroeber Jewellery Art\",\"isPartOf\":{\"@id\":\"https:\\\/\\\/lisakroeber.com\\\/#website\"},\"primaryImageOfPage\":{\"@id\":\"https:\\\/\\\/lisakroeber.com\\\/et\\\/toode\\\/art-korvarongad-leaves-ii\\\/#primaryimage\"},\"image\":{\"@id\":\"https:\\\/\\\/lisakroeber.com\\\/et\\\/toode\\\/art-korvarongad-leaves-ii\\\/#primaryimage\"},\"thumbnailUrl\":\"https:\\\/\\\/lisakroeber.com\\\/wp-content\\\/uploads\\\/2026\\\/01\\\/Leaves-braun-ART-scaled.jpg\",\"datePublished\":\"2026-01-22T09:28:41+00:00\",\"dateModified\":\"2026-01-23T20:22:19+00:00\",\"breadcrumb\":{\"@id\":\"https:\\\/\\\/lisakroeber.com\\\/et\\\/toode\\\/art-korvarongad-leaves-ii\\\/#breadcrumb\"},\"inLanguage\":\"et\",\"potentialAction\":[{\"@type\":\"ReadAction\",\"target\":[\"https:\\\/\\\/lisakroeber.com\\\/et\\\/toode\\\/art-korvarongad-leaves-ii\\\/\"]}]},{\"@type\":\"ImageObject\",\"inLanguage\":\"et\",\"@id\":\"https:\\\/\\\/lisakroeber.com\\\/et\\\/toode\\\/art-korvarongad-leaves-ii\\\/#primaryimage\",\"url\":\"https:\\\/\\\/lisakroeber.com\\\/wp-content\\\/uploads\\\/2026\\\/01\\\/Leaves-braun-ART-scaled.jpg\",\"contentUrl\":\"https:\\\/\\\/lisakroeber.com\\\/wp-content\\\/uploads\\\/2026\\\/01\\\/Leaves-braun-ART-scaled.jpg\",\"width\":2560,\"height\":2560},{\"@type\":\"BreadcrumbList\",\"@id\":\"https:\\\/\\\/lisakroeber.com\\\/et\\\/toode\\\/art-korvarongad-leaves-ii\\\/#breadcrumb\",\"itemListElement\":[{\"@type\":\"ListItem\",\"position\":1,\"name\":\"Home\",\"item\":\"https:\\\/\\\/lisakroeber.com\\\/et\\\/\"},{\"@type\":\"ListItem\",\"position\":2,\"name\":\"Pood\",\"item\":\"https:\\\/\\\/lisakroeber.com\\\/et\\\/pood\\\/\"},{\"@type\":\"ListItem\",\"position\":3,\"name\":\"ART K\u00f5rvar\u00f5ngad Leaves II\"}]},{\"@type\":\"WebSite\",\"@id\":\"https:\\\/\\\/lisakroeber.com\\\/#website\",\"url\":\"https:\\\/\\\/lisakroeber.com\\\/\",\"name\":\"Lisa Kroeber Jewellery Art\",\"description\":\"Lisa Kroeber Jewellery Art e-shop\",\"publisher\":{\"@id\":\"https:\\\/\\\/lisakroeber.com\\\/#organization\"},\"potentialAction\":[{\"@type\":\"SearchAction\",\"target\":{\"@type\":\"EntryPoint\",\"urlTemplate\":\"https:\\\/\\\/lisakroeber.com\\\/?s={search_term_string}\"},\"query-input\":{\"@type\":\"PropertyValueSpecification\",\"valueRequired\":true,\"valueName\":\"search_term_string\"}}],\"inLanguage\":\"et\"},{\"@type\":\"Organization\",\"@id\":\"https:\\\/\\\/lisakroeber.com\\\/#organization\",\"name\":\"Lisa Kroeber Jewellery\",\"url\":\"https:\\\/\\\/lisakroeber.com\\\/\",\"logo\":{\"@type\":\"ImageObject\",\"inLanguage\":\"et\",\"@id\":\"https:\\\/\\\/lisakroeber.com\\\/#\\\/schema\\\/logo\\\/image\\\/\",\"url\":\"https:\\\/\\\/lisakroeber.com\\\/wp-content\\\/uploads\\\/2024\\\/07\\\/47178367_317322115661289_143956003702964224_n-e1543863670541.svg\",\"contentUrl\":\"https:\\\/\\\/lisakroeber.com\\\/wp-content\\\/uploads\\\/2024\\\/07\\\/47178367_317322115661289_143956003702964224_n-e1543863670541.svg\",\"width\":1,\"height\":1,\"caption\":\"Lisa Kroeber Jewellery\"},\"image\":{\"@id\":\"https:\\\/\\\/lisakroeber.com\\\/#\\\/schema\\\/logo\\\/image\\\/\"}}]}<\/script>\n<!-- \/ Yoast SEO plugin. -->","yoast_head_json":{"title":"ART K\u00f5rvar\u00f5ngad Leaves II - Lisa Kroeber Jewellery Art","robots":{"index":"index","follow":"follow","max-snippet":"max-snippet:-1","max-image-preview":"max-image-preview:large","max-video-preview":"max-video-preview:-1"},"canonical":"https:\/\/lisakroeber.com\/et\/toode\/art-korvarongad-leaves-ii\/","og_locale":"et_EE","og_type":"article","og_title":"ART K\u00f5rvar\u00f5ngad Leaves II - Lisa Kroeber Jewellery Art","og_description":"Leaves k\u00f5rvar\u00f5ngad IIAinulaadne. Soe. Muutuv.  Leaves k\u00f5rvar\u00f5ngad kuuluvad Unique Art Pieces kollektsiooni, need on uus t\u00f5lgendus tuttavast Leaves\u2019i vormist. Varasematest disainidest inspireerituna uurib see ehe, kuidas v\u00e4rv ja proportsioon v\u00f5ivad muuta tuntud kuju millekski t\u00e4iesti uueks. Pehmelt kaarduvad lehesiluetid avanevad soojades, maistes toonides, luues s\u00fcgavust ja \u00f5rna liikumise tunnet. Astmeline v\u00e4rvipind lisab emotsiooni ja atmosf\u00e4\u00e4ri, muutes iga k\u00f5rvar\u00f5nga vaikseks visuaalseks r\u00e4nnakuks valguse ja varju vahel. See paar eksisteerib ainukordse kunstiteosena. Ehe, mis on loodud hetkena ajas \u2014 kandmiseks kui kunst, mitte lihtsalt aksessuaar. Kollektsioon: Unique Art Pieces Materjalid: pulberv\u00e4rvitud messing, h\u00f5be (925) Suurus: 3,5cm x 11cm Kaal: 12,8g Ehe saadetakse teele 1\u20135 t\u00f6\u00f6p\u00e4eva jooksul. K\u00f5rvar\u00f5ngad on pakitud kinkekarpi.","og_url":"https:\/\/lisakroeber.com\/et\/toode\/art-korvarongad-leaves-ii\/","og_site_name":"Lisa Kroeber Jewellery Art","article_modified_time":"2026-01-23T20:22:19+00:00","og_image":[{"width":2560,"height":2560,"url":"https:\/\/lisakroeber.com\/wp-content\/uploads\/2026\/01\/Leaves-braun-ART-scaled.jpg","type":"image\/jpeg"}],"twitter_card":"summary_large_image","schema":{"@context":"https:\/\/schema.org","@graph":[{"@type":"WebPage","@id":"https:\/\/lisakroeber.com\/et\/toode\/art-korvarongad-leaves-ii\/","url":"https:\/\/lisakroeber.com\/et\/toode\/art-korvarongad-leaves-ii\/","name":"ART K\u00f5rvar\u00f5ngad Leaves II - Lisa Kroeber Jewellery Art","isPartOf":{"@id":"https:\/\/lisakroeber.com\/#website"},"primaryImageOfPage":{"@id":"https:\/\/lisakroeber.com\/et\/toode\/art-korvarongad-leaves-ii\/#primaryimage"},"image":{"@id":"https:\/\/lisakroeber.com\/et\/toode\/art-korvarongad-leaves-ii\/#primaryimage"},"thumbnailUrl":"https:\/\/lisakroeber.com\/wp-content\/uploads\/2026\/01\/Leaves-braun-ART-scaled.jpg","datePublished":"2026-01-22T09:28:41+00:00","dateModified":"2026-01-23T20:22:19+00:00","breadcrumb":{"@id":"https:\/\/lisakroeber.com\/et\/toode\/art-korvarongad-leaves-ii\/#breadcrumb"},"inLanguage":"et","potentialAction":[{"@type":"ReadAction","target":["https:\/\/lisakroeber.com\/et\/toode\/art-korvarongad-leaves-ii\/"]}]},{"@type":"ImageObject","inLanguage":"et","@id":"https:\/\/lisakroeber.com\/et\/toode\/art-korvarongad-leaves-ii\/#primaryimage","url":"https:\/\/lisakroeber.com\/wp-content\/uploads\/2026\/01\/Leaves-braun-ART-scaled.jpg","contentUrl":"https:\/\/lisakroeber.com\/wp-content\/uploads\/2026\/01\/Leaves-braun-ART-scaled.jpg","width":2560,"height":2560},{"@type":"BreadcrumbList","@id":"https:\/\/lisakroeber.com\/et\/toode\/art-korvarongad-leaves-ii\/#breadcrumb","itemListElement":[{"@type":"ListItem","position":1,"name":"Home","item":"https:\/\/lisakroeber.com\/et\/"},{"@type":"ListItem","position":2,"name":"Pood","item":"https:\/\/lisakroeber.com\/et\/pood\/"},{"@type":"ListItem","position":3,"name":"ART K\u00f5rvar\u00f5ngad Leaves II"}]},{"@type":"WebSite","@id":"https:\/\/lisakroeber.com\/#website","url":"https:\/\/lisakroeber.com\/","name":"Lisa Kroeber Jewellery Art","description":"Lisa Kroeber Jewellery Art e-shop","publisher":{"@id":"https:\/\/lisakroeber.com\/#organization"},"potentialAction":[{"@type":"SearchAction","target":{"@type":"EntryPoint","urlTemplate":"https:\/\/lisakroeber.com\/?s={search_term_string}"},"query-input":{"@type":"PropertyValueSpecification","valueRequired":true,"valueName":"search_term_string"}}],"inLanguage":"et"},{"@type":"Organization","@id":"https:\/\/lisakroeber.com\/#organization","name":"Lisa Kroeber Jewellery","url":"https:\/\/lisakroeber.com\/","logo":{"@type":"ImageObject","inLanguage":"et","@id":"https:\/\/lisakroeber.com\/#\/schema\/logo\/image\/","url":"https:\/\/lisakroeber.com\/wp-content\/uploads\/2024\/07\/47178367_317322115661289_143956003702964224_n-e1543863670541.svg","contentUrl":"https:\/\/lisakroeber.com\/wp-content\/uploads\/2024\/07\/47178367_317322115661289_143956003702964224_n-e1543863670541.svg","width":1,"height":1,"caption":"Lisa Kroeber Jewellery"},"image":{"@id":"https:\/\/lisakroeber.com\/#\/schema\/logo\/image\/"}}]}},"_links":{"self":[{"href":"https:\/\/lisakroeber.com\/et\/wp-json\/wp\/v2\/product\/310544","targetHints":{"allow":["GET"]}}],"collection":[{"href":"https:\/\/lisakroeber.com\/et\/wp-json\/wp\/v2\/product"}],"about":[{"href":"https:\/\/lisakroeber.com\/et\/wp-json\/wp\/v2\/types\/product"}],"wp:featuredmedia":[{"embeddable":true,"href":"https:\/\/lisakroeber.com\/et\/wp-json\/wp\/v2\/media\/310290"}],"wp:attachment":[{"href":"https:\/\/lisakroeber.com\/et\/wp-json\/wp\/v2\/media?parent=310544"}],"wp:term":[{"taxonomy":"product_brand","embeddable":true,"href":"https:\/\/lisakroeber.com\/et\/wp-json\/wp\/v2\/product_brand?post=310544"},{"taxonomy":"product_cat","embeddable":true,"href":"https:\/\/lisakroeber.com\/et\/wp-json\/wp\/v2\/product_cat?post=310544"},{"taxonomy":"product_tag","embeddable":true,"href":"https:\/\/lisakroeber.com\/et\/wp-json\/wp\/v2\/product_tag?post=310544"}],"curies":[{"name":"wp","href":"https:\/\/api.w.org\/{rel}","templated":true}]}}