{"id":310799,"date":"2026-03-10T11:52:57","date_gmt":"2026-03-10T09:52:57","guid":{"rendered":"https:\/\/lisakroeber.com\/?post_type=product&#038;p=310799"},"modified":"2026-03-14T08:54:41","modified_gmt":"2026-03-14T06:54:41","slug":"sormus_leaves","status":"publish","type":"product","link":"https:\/\/lisakroeber.com\/et\/toode\/sormus_leaves\/","title":{"rendered":"S\u00f5rmus Leaves"},"content":{"rendered":"","protected":false},"excerpt":{"rendered":"<p data-start=\"0\" data-end=\"50\"><strong data-start=\"0\" data-end=\"14\">Leaves S\u00f5rmused<\/strong><br data-start=\"14\" data-end=\"17\" \/>M\u00e4ngi. V\u00e4rvi. V\u00e4ljenda oma stiili.<\/p>\n<p data-start=\"52\" data-end=\"188\">Leaves s\u00f5rmused on julged, skulpturaalsed s\u00f5rmused pehme kaarja vormiga, mis \u00fcmbritseb s\u00f5rme ja loob tugeva, kuid elegantse v\u00e4ljenduse.<\/p>\n<p data-start=\"190\" data-end=\"290\">S\u00f5rmus on tagant avatud, mis v\u00f5imaldab suurust individuaalselt reguleerida, et see oleks mugav kanda.<\/p>\n<p data-start=\"292\" data-end=\"525\" data-is-last-node=\"\" data-is-only-node=\"\">Saadaval 28 erinevas v\u00e4rvitoonis, kutsuvad Leaves s\u00f5rmused m\u00e4ngima v\u00e4rvi, meeleolu ja stiiliga \u2014 tagasihoidlikest toonidest kuni julgete kontrastideni. Iga s\u00f5rmus lisab k\u00e4ele v\u00e4ikese arhitektuurse aktsendi, olles samal ajal mugav kanda.<\/p>\n","protected":false},"featured_media":311017,"template":"","meta":{"content-type":""},"product_brand":[],"product_cat":[340,441,1288],"product_tag":[1068],"class_list":{"0":"post-310799","1":"product","2":"type-product","3":"status-publish","4":"has-post-thumbnail","6":"product_cat-kollektsioonid","7":"product_cat-leaves-et","8":"product_cat-sormused","9":"product_tag-uus","11":"first","12":"instock","13":"taxable","14":"shipping-taxable","15":"purchasable","16":"product-type-variable"},"yoast_head":"<!-- This site is optimized with the Yoast SEO plugin v27.3 - https:\/\/yoast.com\/product\/yoast-seo-wordpress\/ -->\n<title>S\u00f5rmus Leaves - Lisa Kroeber Jewellery Art<\/title>\n<meta name=\"robots\" content=\"index, follow, max-snippet:-1, max-image-preview:large, max-video-preview:-1\" \/>\n<link rel=\"canonical\" href=\"https:\/\/lisakroeber.com\/et\/toode\/sormus_leaves\/\" \/>\n<meta property=\"og:locale\" content=\"et_EE\" \/>\n<meta property=\"og:type\" content=\"article\" \/>\n<meta property=\"og:title\" content=\"S\u00f5rmus Leaves - Lisa Kroeber Jewellery Art\" \/>\n<meta property=\"og:description\" content=\"Leaves S\u00f5rmusedM\u00e4ngi. V\u00e4rvi. V\u00e4ljenda oma stiili. Leaves s\u00f5rmused on julged, skulpturaalsed s\u00f5rmused pehme kaarja vormiga, mis \u00fcmbritseb s\u00f5rme ja loob tugeva, kuid elegantse v\u00e4ljenduse. S\u00f5rmus on tagant avatud, mis v\u00f5imaldab suurust individuaalselt reguleerida, et see oleks mugav kanda. Saadaval 28 erinevas v\u00e4rvitoonis, kutsuvad Leaves s\u00f5rmused m\u00e4ngima v\u00e4rvi, meeleolu ja stiiliga \u2014 tagasihoidlikest toonidest kuni julgete kontrastideni. Iga s\u00f5rmus lisab k\u00e4ele v\u00e4ikese arhitektuurse aktsendi, olles samal ajal mugav kanda.\" \/>\n<meta property=\"og:url\" content=\"https:\/\/lisakroeber.com\/et\/toode\/sormus_leaves\/\" \/>\n<meta property=\"og:site_name\" content=\"Lisa Kroeber Jewellery Art\" \/>\n<meta property=\"article:modified_time\" content=\"2026-03-14T06:54:41+00:00\" \/>\n<meta property=\"og:image\" content=\"https:\/\/lisakroeber.com\/wp-content\/uploads\/2026\/03\/Rings-4006-all-scaled.jpg\" \/>\n\t<meta property=\"og:image:width\" content=\"2560\" \/>\n\t<meta property=\"og:image:height\" content=\"2560\" \/>\n\t<meta property=\"og:image:type\" content=\"image\/jpeg\" \/>\n<meta name=\"twitter:card\" content=\"summary_large_image\" \/>\n<meta name=\"twitter:label1\" content=\"Est. reading time\" \/>\n\t<meta name=\"twitter:data1\" content=\"1 minut\" \/>\n<script type=\"application\/ld+json\" class=\"yoast-schema-graph\">{\"@context\":\"https:\\\/\\\/schema.org\",\"@graph\":[{\"@type\":\"WebPage\",\"@id\":\"https:\\\/\\\/lisakroeber.com\\\/et\\\/toode\\\/sormus_leaves\\\/\",\"url\":\"https:\\\/\\\/lisakroeber.com\\\/et\\\/toode\\\/sormus_leaves\\\/\",\"name\":\"S\u00f5rmus Leaves - Lisa Kroeber Jewellery Art\",\"isPartOf\":{\"@id\":\"https:\\\/\\\/lisakroeber.com\\\/#website\"},\"primaryImageOfPage\":{\"@id\":\"https:\\\/\\\/lisakroeber.com\\\/et\\\/toode\\\/sormus_leaves\\\/#primaryimage\"},\"image\":{\"@id\":\"https:\\\/\\\/lisakroeber.com\\\/et\\\/toode\\\/sormus_leaves\\\/#primaryimage\"},\"thumbnailUrl\":\"https:\\\/\\\/lisakroeber.com\\\/wp-content\\\/uploads\\\/2026\\\/03\\\/Rings-4006-all-scaled.jpg\",\"datePublished\":\"2026-03-10T09:52:57+00:00\",\"dateModified\":\"2026-03-14T06:54:41+00:00\",\"breadcrumb\":{\"@id\":\"https:\\\/\\\/lisakroeber.com\\\/et\\\/toode\\\/sormus_leaves\\\/#breadcrumb\"},\"inLanguage\":\"et\",\"potentialAction\":[{\"@type\":\"ReadAction\",\"target\":[\"https:\\\/\\\/lisakroeber.com\\\/et\\\/toode\\\/sormus_leaves\\\/\"]}]},{\"@type\":\"ImageObject\",\"inLanguage\":\"et\",\"@id\":\"https:\\\/\\\/lisakroeber.com\\\/et\\\/toode\\\/sormus_leaves\\\/#primaryimage\",\"url\":\"https:\\\/\\\/lisakroeber.com\\\/wp-content\\\/uploads\\\/2026\\\/03\\\/Rings-4006-all-scaled.jpg\",\"contentUrl\":\"https:\\\/\\\/lisakroeber.com\\\/wp-content\\\/uploads\\\/2026\\\/03\\\/Rings-4006-all-scaled.jpg\",\"width\":2560,\"height\":2560},{\"@type\":\"BreadcrumbList\",\"@id\":\"https:\\\/\\\/lisakroeber.com\\\/et\\\/toode\\\/sormus_leaves\\\/#breadcrumb\",\"itemListElement\":[{\"@type\":\"ListItem\",\"position\":1,\"name\":\"Home\",\"item\":\"https:\\\/\\\/lisakroeber.com\\\/et\\\/\"},{\"@type\":\"ListItem\",\"position\":2,\"name\":\"Pood\",\"item\":\"https:\\\/\\\/lisakroeber.com\\\/et\\\/pood\\\/\"},{\"@type\":\"ListItem\",\"position\":3,\"name\":\"S\u00f5rmus Leaves\"}]},{\"@type\":\"WebSite\",\"@id\":\"https:\\\/\\\/lisakroeber.com\\\/#website\",\"url\":\"https:\\\/\\\/lisakroeber.com\\\/\",\"name\":\"Lisa Kroeber Jewellery Art\",\"description\":\"Lisa Kroeber Jewellery Art e-shop\",\"publisher\":{\"@id\":\"https:\\\/\\\/lisakroeber.com\\\/#organization\"},\"potentialAction\":[{\"@type\":\"SearchAction\",\"target\":{\"@type\":\"EntryPoint\",\"urlTemplate\":\"https:\\\/\\\/lisakroeber.com\\\/?s={search_term_string}\"},\"query-input\":{\"@type\":\"PropertyValueSpecification\",\"valueRequired\":true,\"valueName\":\"search_term_string\"}}],\"inLanguage\":\"et\"},{\"@type\":\"Organization\",\"@id\":\"https:\\\/\\\/lisakroeber.com\\\/#organization\",\"name\":\"Lisa Kroeber Jewellery\",\"url\":\"https:\\\/\\\/lisakroeber.com\\\/\",\"logo\":{\"@type\":\"ImageObject\",\"inLanguage\":\"et\",\"@id\":\"https:\\\/\\\/lisakroeber.com\\\/#\\\/schema\\\/logo\\\/image\\\/\",\"url\":\"https:\\\/\\\/lisakroeber.com\\\/wp-content\\\/uploads\\\/2024\\\/07\\\/47178367_317322115661289_143956003702964224_n-e1543863670541.svg\",\"contentUrl\":\"https:\\\/\\\/lisakroeber.com\\\/wp-content\\\/uploads\\\/2024\\\/07\\\/47178367_317322115661289_143956003702964224_n-e1543863670541.svg\",\"width\":1,\"height\":1,\"caption\":\"Lisa Kroeber Jewellery\"},\"image\":{\"@id\":\"https:\\\/\\\/lisakroeber.com\\\/#\\\/schema\\\/logo\\\/image\\\/\"}}]}<\/script>\n<!-- \/ Yoast SEO plugin. -->","yoast_head_json":{"title":"S\u00f5rmus Leaves - Lisa Kroeber Jewellery Art","robots":{"index":"index","follow":"follow","max-snippet":"max-snippet:-1","max-image-preview":"max-image-preview:large","max-video-preview":"max-video-preview:-1"},"canonical":"https:\/\/lisakroeber.com\/et\/toode\/sormus_leaves\/","og_locale":"et_EE","og_type":"article","og_title":"S\u00f5rmus Leaves - Lisa Kroeber Jewellery Art","og_description":"Leaves S\u00f5rmusedM\u00e4ngi. V\u00e4rvi. V\u00e4ljenda oma stiili. Leaves s\u00f5rmused on julged, skulpturaalsed s\u00f5rmused pehme kaarja vormiga, mis \u00fcmbritseb s\u00f5rme ja loob tugeva, kuid elegantse v\u00e4ljenduse. S\u00f5rmus on tagant avatud, mis v\u00f5imaldab suurust individuaalselt reguleerida, et see oleks mugav kanda. Saadaval 28 erinevas v\u00e4rvitoonis, kutsuvad Leaves s\u00f5rmused m\u00e4ngima v\u00e4rvi, meeleolu ja stiiliga \u2014 tagasihoidlikest toonidest kuni julgete kontrastideni. Iga s\u00f5rmus lisab k\u00e4ele v\u00e4ikese arhitektuurse aktsendi, olles samal ajal mugav kanda.","og_url":"https:\/\/lisakroeber.com\/et\/toode\/sormus_leaves\/","og_site_name":"Lisa Kroeber Jewellery Art","article_modified_time":"2026-03-14T06:54:41+00:00","og_image":[{"width":2560,"height":2560,"url":"https:\/\/lisakroeber.com\/wp-content\/uploads\/2026\/03\/Rings-4006-all-scaled.jpg","type":"image\/jpeg"}],"twitter_card":"summary_large_image","twitter_misc":{"Est. reading time":"1 minut"},"schema":{"@context":"https:\/\/schema.org","@graph":[{"@type":"WebPage","@id":"https:\/\/lisakroeber.com\/et\/toode\/sormus_leaves\/","url":"https:\/\/lisakroeber.com\/et\/toode\/sormus_leaves\/","name":"S\u00f5rmus Leaves - Lisa Kroeber Jewellery Art","isPartOf":{"@id":"https:\/\/lisakroeber.com\/#website"},"primaryImageOfPage":{"@id":"https:\/\/lisakroeber.com\/et\/toode\/sormus_leaves\/#primaryimage"},"image":{"@id":"https:\/\/lisakroeber.com\/et\/toode\/sormus_leaves\/#primaryimage"},"thumbnailUrl":"https:\/\/lisakroeber.com\/wp-content\/uploads\/2026\/03\/Rings-4006-all-scaled.jpg","datePublished":"2026-03-10T09:52:57+00:00","dateModified":"2026-03-14T06:54:41+00:00","breadcrumb":{"@id":"https:\/\/lisakroeber.com\/et\/toode\/sormus_leaves\/#breadcrumb"},"inLanguage":"et","potentialAction":[{"@type":"ReadAction","target":["https:\/\/lisakroeber.com\/et\/toode\/sormus_leaves\/"]}]},{"@type":"ImageObject","inLanguage":"et","@id":"https:\/\/lisakroeber.com\/et\/toode\/sormus_leaves\/#primaryimage","url":"https:\/\/lisakroeber.com\/wp-content\/uploads\/2026\/03\/Rings-4006-all-scaled.jpg","contentUrl":"https:\/\/lisakroeber.com\/wp-content\/uploads\/2026\/03\/Rings-4006-all-scaled.jpg","width":2560,"height":2560},{"@type":"BreadcrumbList","@id":"https:\/\/lisakroeber.com\/et\/toode\/sormus_leaves\/#breadcrumb","itemListElement":[{"@type":"ListItem","position":1,"name":"Home","item":"https:\/\/lisakroeber.com\/et\/"},{"@type":"ListItem","position":2,"name":"Pood","item":"https:\/\/lisakroeber.com\/et\/pood\/"},{"@type":"ListItem","position":3,"name":"S\u00f5rmus Leaves"}]},{"@type":"WebSite","@id":"https:\/\/lisakroeber.com\/#website","url":"https:\/\/lisakroeber.com\/","name":"Lisa Kroeber Jewellery Art","description":"Lisa Kroeber Jewellery Art e-shop","publisher":{"@id":"https:\/\/lisakroeber.com\/#organization"},"potentialAction":[{"@type":"SearchAction","target":{"@type":"EntryPoint","urlTemplate":"https:\/\/lisakroeber.com\/?s={search_term_string}"},"query-input":{"@type":"PropertyValueSpecification","valueRequired":true,"valueName":"search_term_string"}}],"inLanguage":"et"},{"@type":"Organization","@id":"https:\/\/lisakroeber.com\/#organization","name":"Lisa Kroeber Jewellery","url":"https:\/\/lisakroeber.com\/","logo":{"@type":"ImageObject","inLanguage":"et","@id":"https:\/\/lisakroeber.com\/#\/schema\/logo\/image\/","url":"https:\/\/lisakroeber.com\/wp-content\/uploads\/2024\/07\/47178367_317322115661289_143956003702964224_n-e1543863670541.svg","contentUrl":"https:\/\/lisakroeber.com\/wp-content\/uploads\/2024\/07\/47178367_317322115661289_143956003702964224_n-e1543863670541.svg","width":1,"height":1,"caption":"Lisa Kroeber Jewellery"},"image":{"@id":"https:\/\/lisakroeber.com\/#\/schema\/logo\/image\/"}}]}},"_links":{"self":[{"href":"https:\/\/lisakroeber.com\/et\/wp-json\/wp\/v2\/product\/310799","targetHints":{"allow":["GET"]}}],"collection":[{"href":"https:\/\/lisakroeber.com\/et\/wp-json\/wp\/v2\/product"}],"about":[{"href":"https:\/\/lisakroeber.com\/et\/wp-json\/wp\/v2\/types\/product"}],"wp:featuredmedia":[{"embeddable":true,"href":"https:\/\/lisakroeber.com\/et\/wp-json\/wp\/v2\/media\/311017"}],"wp:attachment":[{"href":"https:\/\/lisakroeber.com\/et\/wp-json\/wp\/v2\/media?parent=310799"}],"wp:term":[{"taxonomy":"product_brand","embeddable":true,"href":"https:\/\/lisakroeber.com\/et\/wp-json\/wp\/v2\/product_brand?post=310799"},{"taxonomy":"product_cat","embeddable":true,"href":"https:\/\/lisakroeber.com\/et\/wp-json\/wp\/v2\/product_cat?post=310799"},{"taxonomy":"product_tag","embeddable":true,"href":"https:\/\/lisakroeber.com\/et\/wp-json\/wp\/v2\/product_tag?post=310799"}],"curies":[{"name":"wp","href":"https:\/\/api.w.org\/{rel}","templated":true}]}}